{"id":2166,"date":"2024-01-30T09:58:33","date_gmt":"2024-01-30T09:58:33","guid":{"rendered":"https:\/\/peride.de\/?page_id=2166"},"modified":"2024-03-20T06:46:52","modified_gmt":"2024-03-20T06:46:52","slug":"anerkennung-von-diplomen-zeugnisbewertung-gleichwertigkeit","status":"publish","type":"page","link":"https:\/\/peride.de\/de\/anerkennung-von-diplomen-zeugnisbewertung-gleichwertigkeit\/","title":{"rendered":"Anerkennung von Diplomen, Zeugnisbewertung, Gleichwertigkeit"},"content":{"rendered":"\t\t<div data-elementor-type=\"wp-page\" data-elementor-id=\"2166\" class=\"elementor elementor-2166 elementor-1194\" data-elementor-post-type=\"page\">\n\t\t\t\t<div class=\"elementor-element elementor-element-95481d6 e-flex e-con-boxed parallax_section_no qode_elementor_container_no e-con e-parent\" data-id=\"95481d6\" data-element_type=\"container\">\n\t\t\t\t\t<div class=\"e-con-inner\">\n\t\t\t\t<div class=\"elementor-element elementor-element-87d113b elementor-widget elementor-widget-text-editor\" data-id=\"87d113b\" data-element_type=\"widget\" data-widget_type=\"text-editor.default\">\n\t\t\t\t<div class=\"elementor-widget-container\">\n\t\t\t\t\t\t\t<p><img fetchpriority=\"high\" decoding=\"async\" class=\"wp-image-1185 alignleft\" src=\"https:\/\/peride.de\/wp-content\/uploads\/2021\/07\/t1.png\" alt=\"\" width=\"446\" height=\"300\" srcset=\"https:\/\/peride.de\/wp-content\/uploads\/2021\/07\/t1.png 838w, https:\/\/peride.de\/wp-content\/uploads\/2021\/07\/t1-300x202.png 300w, https:\/\/peride.de\/wp-content\/uploads\/2021\/07\/t1-768x517.png 768w, https:\/\/peride.de\/wp-content\/uploads\/2021\/07\/t1-700x471.png 700w\" sizes=\"(max-width: 446px) 100vw, 446px\" \/><\/p><p>Wenn Sie aus einem Nicht-EU-Land kommen und ein Visum oder eine Aufenthaltserlaubnis f\u00fcr Deutschland ben\u00f6tigen, ist in der Regel die Anerkennung Ihrer Qualifikationen, insbesondere Ihres akademischen Abschlusses und Ihrer beruflichen Qualifikationen, erforderlich. In jedem Fall ist dies hilfreich, m\u00f6glicherweise sogar notwendig, damit Arbeitgeber Ihre Qualifikationen bei der Jobsuche bewerten k\u00f6nnen.<\/p><p>Wenn Sie Ihre berufliche T\u00e4tigkeit in der T\u00fcrkei in Deutschland aus\u00fcben m\u00f6chten, m\u00fcssen Sie einen Anerkennungsprozess durchlaufen. Eine ausl\u00e4ndische berufliche Qualifikation ist in Deutschland rechtlich gleichwertig mit einer deutschen beruflichen Qualifikation. Die Anerkennung erfolgt immer f\u00fcr einen bestimmten Beruf, d.h. den Referenzberuf in Deutschland. Insbesondere f\u00fcr Berufe und Arbeitsbereiche im \u00f6ffentlichen Gesundheitswesen und der \u00f6ffentlichen Sicherheit wie Medizin, Krankenpflege, Rechtsanwaltschaft, Lehramt sind Anerkennungen erforderlich. Als Inhaber einer beruflichen Qualifikation in der T\u00fcrkei haben Sie gem\u00e4\u00df dem deutschen Anerkennungsgesetz und den Gesetzen der Bundesl\u00e4nder Anspruch auf Anerkennungsverfahren in Deutschland. Sie k\u00f6nnen auch aus der T\u00fcrkei einen Antrag auf Anerkennung stellen.<\/p><p>F\u00fcr andere Berufe ist eine Anerkennung nicht obligatorisch, jedoch ist die formelle Bewertung Ihrer Ausbildung durch das Zeugnisbewertung\u00a0 oder Gle\u0131chwertigkeit wichtig, um leichter eine Stelle auf dem deutschen Arbeitsmarkt zu finden und Sozialleistungen zu erhalten.<\/p><p>Die Anerkennungsverfahren k\u00f6nnen je nach Beruf und Art des Abschlusses zwischen einem und sechs Monaten dauern. Unterschiedliche Anerkennungsstellen sind in Deutschland f\u00fcr verschiedene Berufe zust\u00e4ndig. Die Anerkennungsverfahren f\u00fcr Gesundheitspersonal erfolgen bei Gesundheitseinrichtungen, f\u00fcr Ingenieure und Architekten bei den Anerkennungsstellen der Ingenieur- und Architektenkammern, und die Anerkennungsverfahren f\u00fcr Meister, Lehrlinge, Berufsschulen und Fachhochschulen werden von Handels- oder Berufskammern durchgef\u00fchrt. Die Bewertung von akademischen Abschl\u00fcssen wie Bachelor-, Master- und Doktorgraden wird von einem separaten Zentrum durchgef\u00fchrt.<\/p><p>Wenn Sie planen, nach Deutschland zu migrieren, ist die Vorbereitung der erforderlichen Dokumente f\u00fcr die Beantragung der Anerkennung Zeugnisbewertung, Gleichwertigkeit, die \u00dcberpr\u00fcfung der Dokumente, die Einreichung des Antrags und der Abschluss des Verfahrens ein erster wichtiger Schritt, f\u00fcr den Sie von unseren Beratungsdiensten profitieren k\u00f6nnen.<\/p><p>\u00a0<\/p><p><strong>F\u00fcr \u00c4rzte: <\/strong><\/p><p>Antr\u00e4ge f\u00fcr die Anerkennung von medizinischen Fakult\u00e4tsdiplomen in Deutschland variieren je nach Bundesland. Es gibt einige Unterschiede in der Aus\u00fcbung des Berufs f\u00fcr \u00c4rzte zwischen T\u00fcrkei und Deutschland. Zum Beispiel wird in Deutschland nicht wie in der T\u00fcrkei eine &#8222;Facharztpr\u00fcfung in der Medizin&#8220; (TUS) ben\u00f6tigt. Alle Fachausbildungen und Zertifikate gelten in Deutschland genauso wie in der T\u00fcrkei und anderen europ\u00e4ischen L\u00e4ndern.<\/p><p>In Deutschland kann jeder Arzt eine Facharztausbildung in seinem gew\u00fcnschten Bereich absolvieren Die Arbeitszeiten und Arbeitsbedingungen sind gesetzlich gesch\u00fctzt.\u00a0<\/p><p>Um in Deutschland als Arzt arbeiten zu k\u00f6nnen, m\u00fcssen Sie mindestens B2-Deutschkenntnisse haben und eine Einladung von einer Einrichtung in Deutschland erhalten. F\u00fcr die Anerkennung des Abschlusses eines Medizinstudiums in Deutschland muss der Antragsteller zun\u00e4chst eine sogenannte Fachsprachpr\u00fcfung (FSP) bestehen, die das Wissen des Kandidaten in der medizinischen Terminologie in deutscher Sprache und die F\u00e4higkeit zur Durchf\u00fchrung von medizinischen Untersuchungen in deutscher Sprache bewertet. In einigen Bundesl\u00e4ndern kann man nach der Bewerbung anfangen zu arbeiten, ohne die FSP abzulegen, bis die Arbeitserlaubnis vorliegt, und der Arztkandidat erh\u00e4lt die M\u00f6glichkeit, die Pr\u00fcfung zu einem sp\u00e4teren Zeitpunkt abzulegen.<\/p>\t\t\t\t\t\t<\/div>\n\t\t\t\t<\/div>\n\t\t\t\t\t<\/div>\n\t\t\t\t<\/div>\n\t\t\t\t<\/div>\n\t\t","protected":false},"excerpt":{"rendered":"<p>Wenn Sie aus einem Nicht-EU-Land kommen und ein Visum oder eine Aufenthaltserlaubnis f\u00fcr Deutschland ben\u00f6tigen, ist in der Regel die Anerkennung Ihrer Qualifikationen, insbesondere Ihres akademischen Abschlusses und Ihrer beruflichen Qualifikationen, erforderlich. In jedem Fall ist dies hilfreich, m\u00f6glicherweise sogar notwendig, damit Arbeitgeber Ihre Qualifikationen&#8230;<\/p>\n","protected":false},"author":1,"featured_media":0,"parent":0,"menu_order":0,"comment_status":"closed","ping_status":"closed","template":"","meta":{"content-type":"","footnotes":""},"class_list":["post-2166","page","type-page","status-publish","hentry"],"_links":{"self":[{"href":"https:\/\/peride.de\/de\/wp-json\/wp\/v2\/pages\/2166","targetHints":{"allow":["GET"]}}],"collection":[{"href":"https:\/\/peride.de\/de\/wp-json\/wp\/v2\/pages"}],"about":[{"href":"https:\/\/peride.de\/de\/wp-json\/wp\/v2\/types\/page"}],"author":[{"embeddable":true,"href":"https:\/\/peride.de\/de\/wp-json\/wp\/v2\/users\/1"}],"replies":[{"embeddable":true,"href":"https:\/\/peride.de\/de\/wp-json\/wp\/v2\/comments?post=2166"}],"version-history":[{"count":14,"href":"https:\/\/peride.de\/de\/wp-json\/wp\/v2\/pages\/2166\/revisions"}],"predecessor-version":[{"id":2872,"href":"https:\/\/peride.de\/de\/wp-json\/wp\/v2\/pages\/2166\/revisions\/2872"}],"wp:attachment":[{"href":"https:\/\/peride.de\/de\/wp-json\/wp\/v2\/media?parent=2166"}],"curies":[{"name":"wp","href":"https:\/\/api.w.org\/{rel}","templated":true}]}}