{"id":2192,"date":"2021-07-15T13:13:14","date_gmt":"2021-07-15T13:13:14","guid":{"rendered":"https:\/\/peride.de\/?page_id=2192"},"modified":"2024-03-20T05:52:13","modified_gmt":"2024-03-20T05:52:13","slug":"unsere-dienstleistungen","status":"publish","type":"page","link":"https:\/\/peride.de\/de\/unsere-dienstleistungen\/","title":{"rendered":"Unsere dienstleistungen"},"content":{"rendered":"\t\t<div data-elementor-type=\"wp-page\" data-elementor-id=\"2192\" class=\"elementor elementor-2192 elementor-603\" data-elementor-post-type=\"page\">\n\t\t\t\t<div class=\"elementor-element elementor-element-93c08a2 e-flex e-con-boxed parallax_section_no qode_elementor_container_no e-con e-parent\" data-id=\"93c08a2\" data-element_type=\"container\">\n\t\t\t\t\t<div class=\"e-con-inner\">\n\t\t\t\t<div class=\"elementor-element elementor-element-79b6a19 elementor-widget elementor-widget-text-editor\" data-id=\"79b6a19\" data-element_type=\"widget\" data-widget_type=\"text-editor.default\">\n\t\t\t\t<div class=\"elementor-widget-container\">\n\t\t\t\t\t\t\t<p>F\u00fcr Personen, die aus der T\u00fcrkei nach Deutschland migrieren m\u00f6chten oder bereits migriert sind aus Gr\u00fcnden wie Studium, Arbeit oder Familienzusammenf\u00fchrung, bieten wir Beratungsdienste in Bereichen, die w\u00e4hrend dieses Prozesses ben\u00f6tigt werden, wie die Beschaffung des entsprechenden Visums je nach Migrationsgrund, Zeugnisbewertung, Gleichwertigke\u0131t und Anerkennung von Diplomen, Karriereberatung, Gr\u00fcndung eines Unternehmens in Deutschland, Unternehmertum, Unterst\u00fctzung von Unternehmensgr\u00fcndungen sowie die Suche nach Arbeits-, Lager- oder Unterkunftsalternativen.<\/p><p>Gleichartige Dienste werden auch f\u00fcr Personen angeboten, die beabsichtigen, aus Deutschland in die T\u00fcrkei zu migrieren und die sich f\u00fcr Bildung, Arbeit oder die Gr\u00fcndung eines Unternehmens oder Investitionen in der T\u00fcrkei interessieren.<\/p>\t\t\t\t\t\t<\/div>\n\t\t\t\t<\/div>\n\t\t\t\t\t<\/div>\n\t\t\t\t<\/div>\n\t\t<div class=\"elementor-element elementor-element-01ff1b3 e-flex e-con-boxed parallax_section_no qode_elementor_container_no e-con e-parent\" data-id=\"01ff1b3\" data-element_type=\"container\">\n\t\t\t\t\t<div class=\"e-con-inner\">\n\t\t\t\t<div class=\"elementor-element elementor-element-170d508 elementor-widget elementor-widget-qi_addons_for_elementor_blog_list\" data-id=\"170d508\" data-element_type=\"widget\" data-widget_type=\"qi_addons_for_elementor_blog_list.default\">\n\t\t\t\t<div class=\"elementor-widget-container\">\n\t\t\t<div class=\"qodef-shortcode qodef-m  qodef-addons-blog-list qodef-info-no-icons  qodef-image--hover-zoom   qodef-qi-grid qodef-layout--qi-columns  qodef-col-num--3  qodef-item-layout--boxed qodef-responsive--predefined\" >\n\t<div class=\"qodef-grid-inner\">\n\t\t<article class=\"qodef-e qodef-blog-item qodef-grid-item qodef-item--full post-2186 post type-post status-publish format-standard has-post-thumbnail hentry category-unkategorisiert\">\n\t<div class=\"qodef-e-inner\">\n\t\t<div class=\"qodef-e-media-holder\">\n\t\t\t<div class=\"qodef-e-media\">\n\t\t<div class=\"qodef-e-media-image\">\n\t\t<a itemprop=\"url\" href=\"https:\/\/peride.de\/de\/anerkennung-von-diplomen-zeugnisbewertung-gleichwertigkeit\/\">\n\t\t\t<img fetchpriority=\"high\" decoding=\"async\" width=\"1407\" height=\"690\" src=\"https:\/\/peride.de\/wp-content\/uploads\/2021\/07\/denklik-danismanlig.png\" class=\"attachment-full size-full\" alt=\"\" srcset=\"https:\/\/peride.de\/wp-content\/uploads\/2021\/07\/denklik-danismanlig.png 1407w, https:\/\/peride.de\/wp-content\/uploads\/2021\/07\/denklik-danismanlig-300x147.png 300w, https:\/\/peride.de\/wp-content\/uploads\/2021\/07\/denklik-danismanlig-1024x502.png 1024w, https:\/\/peride.de\/wp-content\/uploads\/2021\/07\/denklik-danismanlig-768x377.png 768w, https:\/\/peride.de\/wp-content\/uploads\/2021\/07\/denklik-danismanlig-700x343.png 700w\" sizes=\"(max-width: 1407px) 100vw, 1407px\" \/>\t\t<\/a>\n\t\t\t<\/div>\n<\/div>\n\t\t<\/div>\n\t\t<div class=\"qodef-e-content\">\n\t\t\t\t\t\t<div class=\"qodef-e-text\">\n\t\t\t\t<h5 itemprop=\"name\" class=\"qodef-e-title entry-title\">\n\t<a itemprop=\"url\" class=\"qodef-e-title-link\" href=\"https:\/\/peride.de\/de\/anerkennung-von-diplomen-zeugnisbewertung-gleichwertigkeit\/\">\n\t\tAnerkennung von Diplomen, Zeugnisbewertung, Gleichwertigkeit\t<\/a>\n<\/h5>\n\t\t<p itemprop=\"description\" class=\"qodef-e-excerpt\">\n\t\t\tWenn Sie aus einem Nicht-EU-Land kommen und ein Visum oder eine Aufenthaltserlaubnis f\u00fcr Deutschland ben\u00f6tigen, ist in der Regel die Anerkennung Ihrer Qualifikationen, insbesondere Ihres akademische\t\t<\/p>\n\t\t\t\t<\/div>\n\t\t\t\t\t\t\t<div class=\"qodef-e-info qodef-info--bottom\">\n\t\t\t\t\t\t<div class=\"qodef-e-read-more\">\n\t\t<a class=\"qodef-shortcode qodef-m  qodef-qi-button qodef-html--link qodef-layout--filled qodef-type--standard   qodef-icon--right qodef-hover--icon-move-horizontal-short     \" href=\"https:\/\/peride.de\/de\/anerkennung-von-diplomen-zeugnisbewertung-gleichwertigkeit\/\" target=\"_self\">\t<span class=\"qodef-m-text\">Devam\u0131n\u0131 Oku<\/span>\t<\/a>\t<\/div>\n\t\t\t\t<\/div>\n\t\t\t\t\t<\/div>\n\t<\/div>\n<\/article>\n<article class=\"qodef-e qodef-blog-item qodef-grid-item qodef-item--full post-2188 post type-post status-publish format-standard has-post-thumbnail hentry category-unkategorisiert\">\n\t<div class=\"qodef-e-inner\">\n\t\t<div class=\"qodef-e-media-holder\">\n\t\t\t<div class=\"qodef-e-media\">\n\t\t<div class=\"qodef-e-media-image\">\n\t\t<a itemprop=\"url\" href=\"https:\/\/peride.de\/de\/bildungsberatung-in-deutschland\/\">\n\t\t\t<img decoding=\"async\" width=\"1407\" height=\"690\" src=\"https:\/\/peride.de\/wp-content\/uploads\/2021\/07\/egitim-danismanlig.png\" class=\"attachment-full size-full\" alt=\"\" srcset=\"https:\/\/peride.de\/wp-content\/uploads\/2021\/07\/egitim-danismanlig.png 1407w, https:\/\/peride.de\/wp-content\/uploads\/2021\/07\/egitim-danismanlig-300x147.png 300w, https:\/\/peride.de\/wp-content\/uploads\/2021\/07\/egitim-danismanlig-1024x502.png 1024w, https:\/\/peride.de\/wp-content\/uploads\/2021\/07\/egitim-danismanlig-768x377.png 768w, https:\/\/peride.de\/wp-content\/uploads\/2021\/07\/egitim-danismanlig-700x343.png 700w\" sizes=\"(max-width: 1407px) 100vw, 1407px\" \/>\t\t<\/a>\n\t\t\t<\/div>\n<\/div>\n\t\t<\/div>\n\t\t<div class=\"qodef-e-content\">\n\t\t\t\t\t\t<div class=\"qodef-e-text\">\n\t\t\t\t<h5 itemprop=\"name\" class=\"qodef-e-title entry-title\">\n\t<a itemprop=\"url\" class=\"qodef-e-title-link\" href=\"https:\/\/peride.de\/de\/bildungsberatung-in-deutschland\/\">\n\t\tBildungsberatung in Deutschland\t<\/a>\n<\/h5>\n\t\t<p itemprop=\"description\" class=\"qodef-e-excerpt\">\n\t\t\tWir bieten Beratungsdienste f\u00fcr die Recherche und Anwendung bei der Suche nach einer geeigneten Universit\u00e4t oder Sprachschule, der Beantragung und Abschluss des Eintragungsverfahrens gem\u00e4\u00df individ\t\t<\/p>\n\t\t\t\t<\/div>\n\t\t\t\t\t\t\t<div class=\"qodef-e-info qodef-info--bottom\">\n\t\t\t\t\t\t<div class=\"qodef-e-read-more\">\n\t\t<a class=\"qodef-shortcode qodef-m  qodef-qi-button qodef-html--link qodef-layout--filled qodef-type--standard   qodef-icon--right qodef-hover--icon-move-horizontal-short     \" href=\"https:\/\/peride.de\/de\/bildungsberatung-in-deutschland\/\" target=\"_self\">\t<span class=\"qodef-m-text\">Devam\u0131n\u0131 Oku<\/span>\t<\/a>\t<\/div>\n\t\t\t\t<\/div>\n\t\t\t\t\t<\/div>\n\t<\/div>\n<\/article>\n<article class=\"qodef-e qodef-blog-item qodef-grid-item qodef-item--full post-2190 post type-post status-publish format-standard has-post-thumbnail hentry category-unkategorisiert\">\n\t<div class=\"qodef-e-inner\">\n\t\t<div class=\"qodef-e-media-holder\">\n\t\t\t<div class=\"qodef-e-media\">\n\t\t<div class=\"qodef-e-media-image\">\n\t\t<a itemprop=\"url\" href=\"https:\/\/peride.de\/de\/karriereberatung-qualifizierte-arbeitskraefte\/\">\n\t\t\t<img decoding=\"async\" width=\"1407\" height=\"690\" src=\"https:\/\/peride.de\/wp-content\/uploads\/2021\/07\/isci-danismanlig.png\" class=\"attachment-full size-full\" alt=\"\" srcset=\"https:\/\/peride.de\/wp-content\/uploads\/2021\/07\/isci-danismanlig.png 1407w, https:\/\/peride.de\/wp-content\/uploads\/2021\/07\/isci-danismanlig-300x147.png 300w, https:\/\/peride.de\/wp-content\/uploads\/2021\/07\/isci-danismanlig-1024x502.png 1024w, https:\/\/peride.de\/wp-content\/uploads\/2021\/07\/isci-danismanlig-768x377.png 768w, https:\/\/peride.de\/wp-content\/uploads\/2021\/07\/isci-danismanlig-700x343.png 700w\" sizes=\"(max-width: 1407px) 100vw, 1407px\" \/>\t\t<\/a>\n\t\t\t<\/div>\n<\/div>\n\t\t<\/div>\n\t\t<div class=\"qodef-e-content\">\n\t\t\t\t\t\t<div class=\"qodef-e-text\">\n\t\t\t\t<h5 itemprop=\"name\" class=\"qodef-e-title entry-title\">\n\t<a itemprop=\"url\" class=\"qodef-e-title-link\" href=\"https:\/\/peride.de\/de\/karriereberatung-qualifizierte-arbeitskraefte\/\">\n\t\tKarriereberatung (Qualifizierte Arbeitskr\u00e4fte)\t<\/a>\n<\/h5>\n\t\t<p itemprop=\"description\" class=\"qodef-e-excerpt\">\n\t\t\tWenn Sie in Deutschland arbeiten m\u00f6chten, unterst\u00fctzen wir Sie bei der Suche nach einer Stelle, die zu Ihrer Erfahrung und Qualifikation passt. Wir unterst\u00fctzen Sie bei der Erstellung Ihres Lebensl\t\t<\/p>\n\t\t\t\t<\/div>\n\t\t\t\t\t\t\t<div class=\"qodef-e-info qodef-info--bottom\">\n\t\t\t\t\t\t<div class=\"qodef-e-read-more\">\n\t\t<a class=\"qodef-shortcode qodef-m  qodef-qi-button qodef-html--link qodef-layout--filled qodef-type--standard   qodef-icon--right qodef-hover--icon-move-horizontal-short     \" href=\"https:\/\/peride.de\/de\/karriereberatung-qualifizierte-arbeitskraefte\/\" target=\"_self\">\t<span class=\"qodef-m-text\">Devam\u0131n\u0131 Oku<\/span>\t<\/a>\t<\/div>\n\t\t\t\t<\/div>\n\t\t\t\t\t<\/div>\n\t<\/div>\n<\/article>\n<article class=\"qodef-e qodef-blog-item qodef-grid-item qodef-item--full post-2197 post type-post status-publish format-standard has-post-thumbnail hentry category-unkategorisiert\">\n\t<div class=\"qodef-e-inner\">\n\t\t<div class=\"qodef-e-media-holder\">\n\t\t\t<div class=\"qodef-e-media\">\n\t\t<div class=\"qodef-e-media-image\">\n\t\t<a itemprop=\"url\" href=\"https:\/\/peride.de\/de\/unternehmensgruendung-in-deutschland\/\">\n\t\t\t<img loading=\"lazy\" decoding=\"async\" width=\"1407\" height=\"690\" src=\"https:\/\/peride.de\/wp-content\/uploads\/2021\/07\/sirket-danismanlig.png\" class=\"attachment-full size-full\" alt=\"\" srcset=\"https:\/\/peride.de\/wp-content\/uploads\/2021\/07\/sirket-danismanlig.png 1407w, https:\/\/peride.de\/wp-content\/uploads\/2021\/07\/sirket-danismanlig-300x147.png 300w, https:\/\/peride.de\/wp-content\/uploads\/2021\/07\/sirket-danismanlig-1024x502.png 1024w, https:\/\/peride.de\/wp-content\/uploads\/2021\/07\/sirket-danismanlig-768x377.png 768w, https:\/\/peride.de\/wp-content\/uploads\/2021\/07\/sirket-danismanlig-700x343.png 700w\" sizes=\"(max-width: 1407px) 100vw, 1407px\" \/>\t\t<\/a>\n\t\t\t<\/div>\n<\/div>\n\t\t<\/div>\n\t\t<div class=\"qodef-e-content\">\n\t\t\t\t\t\t<div class=\"qodef-e-text\">\n\t\t\t\t<h5 itemprop=\"name\" class=\"qodef-e-title entry-title\">\n\t<a itemprop=\"url\" class=\"qodef-e-title-link\" href=\"https:\/\/peride.de\/de\/unternehmensgruendung-in-deutschland\/\">\n\t\tUnternehmensgr\u00fcndung in Deutschland\t<\/a>\n<\/h5>\n\t\t<p itemprop=\"description\" class=\"qodef-e-excerpt\">\n\t\t\tAbh\u00e4ngig von der Gesch\u00e4ftst\u00e4tigkeit und Ihren individuellen Bedingungen bieten wir eine allgemeine Beratungsdienstleistung bei der Auswahl der geeigneten Unternehmensform und im Gr\u00fcndungsprozess a\t\t<\/p>\n\t\t\t\t<\/div>\n\t\t\t\t\t\t\t<div class=\"qodef-e-info qodef-info--bottom\">\n\t\t\t\t\t\t<div class=\"qodef-e-read-more\">\n\t\t<a class=\"qodef-shortcode qodef-m  qodef-qi-button qodef-html--link qodef-layout--filled qodef-type--standard   qodef-icon--right qodef-hover--icon-move-horizontal-short     \" href=\"https:\/\/peride.de\/de\/unternehmensgruendung-in-deutschland\/\" target=\"_self\">\t<span class=\"qodef-m-text\">Devam\u0131n\u0131 Oku<\/span>\t<\/a>\t<\/div>\n\t\t\t\t<\/div>\n\t\t\t\t\t<\/div>\n\t<\/div>\n<\/article>\n<article class=\"qodef-e qodef-blog-item qodef-grid-item qodef-item--full post-2201 post type-post status-publish format-standard has-post-thumbnail hentry category-unkategorisiert\">\n\t<div class=\"qodef-e-inner\">\n\t\t<div class=\"qodef-e-media-holder\">\n\t\t\t<div class=\"qodef-e-media\">\n\t\t<div class=\"qodef-e-media-image\">\n\t\t<a itemprop=\"url\" href=\"https:\/\/peride.de\/de\/migrationsberatung\/\">\n\t\t\t<img loading=\"lazy\" decoding=\"async\" width=\"1407\" height=\"690\" src=\"https:\/\/peride.de\/wp-content\/uploads\/2024\/01\/goc-danismanlig.jpg\" class=\"attachment-full size-full\" alt=\"\" srcset=\"https:\/\/peride.de\/wp-content\/uploads\/2024\/01\/goc-danismanlig.jpg 1407w, https:\/\/peride.de\/wp-content\/uploads\/2024\/01\/goc-danismanlig-300x147.jpg 300w, https:\/\/peride.de\/wp-content\/uploads\/2024\/01\/goc-danismanlig-1024x502.jpg 1024w, https:\/\/peride.de\/wp-content\/uploads\/2024\/01\/goc-danismanlig-768x377.jpg 768w, https:\/\/peride.de\/wp-content\/uploads\/2024\/01\/goc-danismanlig-700x343.jpg 700w\" sizes=\"(max-width: 1407px) 100vw, 1407px\" \/>\t\t<\/a>\n\t\t\t<\/div>\n<\/div>\n\t\t<\/div>\n\t\t<div class=\"qodef-e-content\">\n\t\t\t\t\t\t<div class=\"qodef-e-text\">\n\t\t\t\t<h5 itemprop=\"name\" class=\"qodef-e-title entry-title\">\n\t<a itemprop=\"url\" class=\"qodef-e-title-link\" href=\"https:\/\/peride.de\/de\/migrationsberatung\/\">\n\t\tMigrationsberatung\t<\/a>\n<\/h5>\n\t\t<p itemprop=\"description\" class=\"qodef-e-excerpt\">\n\t\t\tJe nach Einreisezweck bieten wir Beratungsdienstleistungen bei der Visabeantragung (Arbeitsvisum, Blaue Karte, Studentenvisum, Jobsuche-Visum, Familienzusammenf\u00fchrung) an, indem wir die erforderliche\t\t<\/p>\n\t\t\t\t<\/div>\n\t\t\t\t\t\t\t<div class=\"qodef-e-info qodef-info--bottom\">\n\t\t\t\t\t\t<div class=\"qodef-e-read-more\">\n\t\t<a class=\"qodef-shortcode qodef-m  qodef-qi-button qodef-html--link qodef-layout--filled qodef-type--standard   qodef-icon--right qodef-hover--icon-move-horizontal-short     \" href=\"https:\/\/peride.de\/de\/migrationsberatung\/\" target=\"_self\">\t<span class=\"qodef-m-text\">Devam\u0131n\u0131 Oku<\/span>\t<\/a>\t<\/div>\n\t\t\t\t<\/div>\n\t\t\t\t\t<\/div>\n\t<\/div>\n<\/article>\n<article class=\"qodef-e qodef-blog-item qodef-grid-item qodef-item--full post-2205 post type-post status-publish format-standard has-post-thumbnail hentry category-unkategorisiert\">\n\t<div class=\"qodef-e-inner\">\n\t\t<div class=\"qodef-e-media-holder\">\n\t\t\t<div class=\"qodef-e-media\">\n\t\t<div class=\"qodef-e-media-image\">\n\t\t<a itemprop=\"url\" href=\"https:\/\/peride.de\/de\/spezialberatung-fuer-geografische-kennzeichnungen-von-produkten\/\">\n\t\t\t<img loading=\"lazy\" decoding=\"async\" width=\"1407\" height=\"690\" src=\"https:\/\/peride.de\/wp-content\/uploads\/2024\/01\/isaterli-urun-danismanlig.png\" class=\"attachment-full size-full\" alt=\"\" srcset=\"https:\/\/peride.de\/wp-content\/uploads\/2024\/01\/isaterli-urun-danismanlig.png 1407w, https:\/\/peride.de\/wp-content\/uploads\/2024\/01\/isaterli-urun-danismanlig-300x147.png 300w, https:\/\/peride.de\/wp-content\/uploads\/2024\/01\/isaterli-urun-danismanlig-1024x502.png 1024w, https:\/\/peride.de\/wp-content\/uploads\/2024\/01\/isaterli-urun-danismanlig-768x377.png 768w, https:\/\/peride.de\/wp-content\/uploads\/2024\/01\/isaterli-urun-danismanlig-700x343.png 700w\" sizes=\"(max-width: 1407px) 100vw, 1407px\" \/>\t\t<\/a>\n\t\t\t<\/div>\n<\/div>\n\t\t<\/div>\n\t\t<div class=\"qodef-e-content\">\n\t\t\t\t\t\t<div class=\"qodef-e-text\">\n\t\t\t\t<h5 itemprop=\"name\" class=\"qodef-e-title entry-title\">\n\t<a itemprop=\"url\" class=\"qodef-e-title-link\" href=\"https:\/\/peride.de\/de\/spezialberatung-fuer-geografische-kennzeichnungen-von-produkten\/\">\n\t\tSpezialberatung f\u00fcr geografische kennzeichnungen von produkten\t<\/a>\n<\/h5>\n\t\t<p itemprop=\"description\" class=\"qodef-e-excerpt\">\n\t\t\tGem\u00e4\u00df der gesetzlichen Regelungen in der T\u00fcrkei haben Personen, die das Recht zur Verwendung einer eingetragenen geografischen Kennzeichnung oder eines traditionellen Produkt- oder Markennamens bes\t\t<\/p>\n\t\t\t\t<\/div>\n\t\t\t\t\t\t\t<div class=\"qodef-e-info qodef-info--bottom\">\n\t\t\t\t\t\t<div class=\"qodef-e-read-more\">\n\t\t<a class=\"qodef-shortcode qodef-m  qodef-qi-button qodef-html--link qodef-layout--filled qodef-type--standard   qodef-icon--right qodef-hover--icon-move-horizontal-short     \" href=\"https:\/\/peride.de\/de\/spezialberatung-fuer-geografische-kennzeichnungen-von-produkten\/\" target=\"_self\">\t<span class=\"qodef-m-text\">Devam\u0131n\u0131 Oku<\/span>\t<\/a>\t<\/div>\n\t\t\t\t<\/div>\n\t\t\t\t\t<\/div>\n\t<\/div>\n<\/article>\n<article class=\"qodef-e qodef-blog-item qodef-grid-item qodef-item--full post-2476 post type-post status-publish format-standard has-post-thumbnail hentry category-unkategorisiert\">\n\t<div class=\"qodef-e-inner\">\n\t\t<div class=\"qodef-e-media-holder\">\n\t\t\t<div class=\"qodef-e-media\">\n\t\t<div class=\"qodef-e-media-image\">\n\t\t<a itemprop=\"url\" href=\"https:\/\/peride.de\/de\/markenberatung\/\">\n\t\t\t<img loading=\"lazy\" decoding=\"async\" width=\"768\" height=\"460\" src=\"https:\/\/peride.de\/wp-content\/uploads\/2024\/03\/Marketing.jpg\" class=\"attachment-full size-full\" alt=\"\" srcset=\"https:\/\/peride.de\/wp-content\/uploads\/2024\/03\/Marketing.jpg 768w, https:\/\/peride.de\/wp-content\/uploads\/2024\/03\/Marketing-300x180.jpg 300w, https:\/\/peride.de\/wp-content\/uploads\/2024\/03\/Marketing-700x419.jpg 700w\" sizes=\"(max-width: 768px) 100vw, 768px\" \/>\t\t<\/a>\n\t\t\t<\/div>\n<\/div>\n\t\t<\/div>\n\t\t<div class=\"qodef-e-content\">\n\t\t\t\t\t\t<div class=\"qodef-e-text\">\n\t\t\t\t<h5 itemprop=\"name\" class=\"qodef-e-title entry-title\">\n\t<a itemprop=\"url\" class=\"qodef-e-title-link\" href=\"https:\/\/peride.de\/de\/markenberatung\/\">\n\t\tMarkenberatung\t<\/a>\n<\/h5>\n\t\t<p itemprop=\"description\" class=\"qodef-e-excerpt\">\n\t\t\t\u00a0Im Rahmen der Markenberatung zielt die Bereitstellung von Informationen zu Registrierungsverfahren zur Sicherung rechtlicher Schutzma\u00dfnahmen ab, beginnend mit der Entstehung Ihrer Marke. Des Weiter\t\t<\/p>\n\t\t\t\t<\/div>\n\t\t\t\t\t\t\t<div class=\"qodef-e-info qodef-info--bottom\">\n\t\t\t\t\t\t<div class=\"qodef-e-read-more\">\n\t\t<a class=\"qodef-shortcode qodef-m  qodef-qi-button qodef-html--link qodef-layout--filled qodef-type--standard   qodef-icon--right qodef-hover--icon-move-horizontal-short     \" href=\"https:\/\/peride.de\/de\/markenberatung\/\" target=\"_self\">\t<span class=\"qodef-m-text\">Devam\u0131n\u0131 Oku<\/span>\t<\/a>\t<\/div>\n\t\t\t\t<\/div>\n\t\t\t\t\t<\/div>\n\t<\/div>\n<\/article>\n\t<\/div>\n\t<\/div>\n\t\t<\/div>\n\t\t\t\t<\/div>\n\t\t\t\t<div class=\"elementor-element elementor-element-5c0aeda elementor-widget elementor-widget-shortcode\" data-id=\"5c0aeda\" data-element_type=\"widget\" data-widget_type=\"shortcode.default\">\n\t\t\t\t<div class=\"elementor-widget-container\">\n\t\t\t\t\t<div class=\"elementor-shortcode\"><script>function replaceRecursively(element, from, to) {\r\n\t\tif (element.childNodes.length) {\r\n\t\t\telement.childNodes.forEach(child => replaceRecursively(child, from, to));\r\n\t\t} else {\r\n\t\t\tconst cont = element.textContent;\r\n\t\t\tif (cont) element.textContent = cont.replace(from, to);\r\n\t\t}\r\n};\r\nreplaceRecursively(document.body, new RegExp(\"Almanya\", \"g\"), \"Deutschland\");\r\nreplaceRecursively(document.body, new RegExp(\"Devam\u0131n\u0131 Oku\", \"g\"), \"Weiterlesen\");<\/script><\/div>\n\t\t\t\t<\/div>\n\t\t\t\t<\/div>\n\t\t\t\t\t<\/div>\n\t\t\t\t<\/div>\n\t\t\t\t<\/div>\n\t\t","protected":false},"excerpt":{"rendered":"<p>F\u00fcr Personen, die aus der T\u00fcrkei nach Deutschland migrieren m\u00f6chten oder bereits migriert sind aus Gr\u00fcnden wie Studium, Arbeit oder Familienzusammenf\u00fchrung, bieten wir Beratungsdienste in Bereichen, die w\u00e4hrend dieses Prozesses ben\u00f6tigt werden, wie die Beschaffung des entsprechenden Visums je nach Migrationsgrund, Zeugnisbewertung, Gleichwertigke\u0131t und Anerkennung&#8230;<\/p>\n","protected":false},"author":1,"featured_media":0,"parent":0,"menu_order":0,"comment_status":"closed","ping_status":"closed","template":"full_width.php","meta":{"content-type":"","footnotes":""},"class_list":["post-2192","page","type-page","status-publish","hentry"],"_links":{"self":[{"href":"https:\/\/peride.de\/de\/wp-json\/wp\/v2\/pages\/2192","targetHints":{"allow":["GET"]}}],"collection":[{"href":"https:\/\/peride.de\/de\/wp-json\/wp\/v2\/pages"}],"about":[{"href":"https:\/\/peride.de\/de\/wp-json\/wp\/v2\/types\/page"}],"author":[{"embeddable":true,"href":"https:\/\/peride.de\/de\/wp-json\/wp\/v2\/users\/1"}],"replies":[{"embeddable":true,"href":"https:\/\/peride.de\/de\/wp-json\/wp\/v2\/comments?post=2192"}],"version-history":[{"count":16,"href":"https:\/\/peride.de\/de\/wp-json\/wp\/v2\/pages\/2192\/revisions"}],"predecessor-version":[{"id":2865,"href":"https:\/\/peride.de\/de\/wp-json\/wp\/v2\/pages\/2192\/revisions\/2865"}],"wp:attachment":[{"href":"https:\/\/peride.de\/de\/wp-json\/wp\/v2\/media?parent=2192"}],"curies":[{"name":"wp","href":"https:\/\/api.w.org\/{rel}","templated":true}]}}