{"id":2306,"date":"2021-07-16T07:51:53","date_gmt":"2021-07-16T07:51:53","guid":{"rendered":"https:\/\/peride.de\/?page_id=2306"},"modified":"2024-03-08T09:51:24","modified_gmt":"2024-03-08T09:51:24","slug":"kontakt","status":"publish","type":"page","link":"https:\/\/peride.de\/de\/kontakt\/","title":{"rendered":"Kontakt"},"content":{"rendered":"\t\t<div data-elementor-type=\"wp-page\" data-elementor-id=\"2306\" class=\"elementor elementor-2306 elementor-712\" data-elementor-post-type=\"page\">\n\t\t\t\t\t\t<section class=\"elementor-section elementor-top-section elementor-element elementor-element-a9cb244 elementor-section-full_width qode_elementor_container_inner elementor-section-content-middle elementor-section-height-default elementor-section-height-default parallax_section_no\" data-id=\"a9cb244\" data-element_type=\"section\">\n\t\t\t\t\t\t<div class=\"elementor-container elementor-column-gap-default\">\n\t\t\t\t\t<div class=\"elementor-column elementor-col-50 elementor-top-column elementor-element elementor-element-85af2a4\" data-id=\"85af2a4\" data-element_type=\"column\">\n\t\t\t<div class=\"elementor-widget-wrap elementor-element-populated\">\n\t\t\t\t\t\t<div class=\"elementor-element elementor-element-f188ddd elementor-widget elementor-widget-text-editor\" data-id=\"f188ddd\" data-element_type=\"widget\" data-widget_type=\"text-editor.default\">\n\t\t\t\t<div class=\"elementor-widget-container\">\n\t\t\t\t\t\t\t<h3>Kontaktinformationen<\/h3>\t\t\t\t\t\t<\/div>\n\t\t\t\t<\/div>\n\t\t\t\t<div class=\"elementor-element elementor-element-451a1bd elementor-widget elementor-widget-text-editor\" data-id=\"451a1bd\" data-element_type=\"widget\" data-widget_type=\"text-editor.default\">\n\t\t\t\t<div class=\"elementor-widget-container\">\n\t\t\t\t\t\t\t<p>Peri Banu Nemutlu Ertike<\/p><p>M\u00f6hnesee Deutschland<\/p><p><strong>\u00a0E-Mail:<\/strong> <a href=\"mailto:info@peride.de\">info@peride.de<\/a><\/p>\t\t\t\t\t\t<\/div>\n\t\t\t\t<\/div>\n\t\t\t\t<div class=\"elementor-element elementor-element-93673b2 elementor-widget elementor-widget-image\" data-id=\"93673b2\" data-element_type=\"widget\" data-widget_type=\"image.default\">\n\t\t\t\t<div class=\"elementor-widget-container\">\n\t\t\t\t\t\t\t\t\t\t\t\t\t<img fetchpriority=\"high\" decoding=\"async\" width=\"650\" height=\"650\" src=\"https:\/\/peride.de\/wp-content\/uploads\/2024\/02\/20231209_092317-650x650.jpg\" class=\"attachment-qi_blocks_image_size_square size-qi_blocks_image_size_square wp-image-1828\" alt=\"\" srcset=\"https:\/\/peride.de\/wp-content\/uploads\/2024\/02\/20231209_092317-650x650.jpg 650w, https:\/\/peride.de\/wp-content\/uploads\/2024\/02\/20231209_092317-150x150.jpg 150w, https:\/\/peride.de\/wp-content\/uploads\/2024\/02\/20231209_092317-570x570.jpg 570w, https:\/\/peride.de\/wp-content\/uploads\/2024\/02\/20231209_092317-500x500.jpg 500w, https:\/\/peride.de\/wp-content\/uploads\/2024\/02\/20231209_092317-1000x1000.jpg 1000w, https:\/\/peride.de\/wp-content\/uploads\/2024\/02\/20231209_092317-1300x1300.jpg 1300w\" sizes=\"(max-width: 650px) 100vw, 650px\" \/>\t\t\t\t\t\t\t\t\t\t\t\t\t<\/div>\n\t\t\t\t<\/div>\n\t\t\t\t\t<\/div>\n\t\t<\/div>\n\t\t\t\t<div class=\"elementor-column elementor-col-50 elementor-top-column elementor-element elementor-element-803bd75\" data-id=\"803bd75\" data-element_type=\"column\">\n\t\t\t<div class=\"elementor-widget-wrap elementor-element-populated\">\n\t\t\t\t\t\t<div class=\"elementor-element elementor-element-a89acd1 elementor-widget elementor-widget-text-editor\" data-id=\"a89acd1\" data-element_type=\"widget\" data-widget_type=\"text-editor.default\">\n\t\t\t\t<div class=\"elementor-widget-container\">\n\t\t\t\t\t\t\t<h3>Kontaktieren sie uns<\/h3>\t\t\t\t\t\t<\/div>\n\t\t\t\t<\/div>\n\t\t\t\t<div class=\"elementor-element elementor-element-be98d15 elementor-widget elementor-widget-text-editor\" data-id=\"be98d15\" data-element_type=\"widget\" data-widget_type=\"text-editor.default\">\n\t\t\t\t<div class=\"elementor-widget-container\">\n\t\t\t\t\t\t\t<p class=\"MsoNormal\">Beschreiben Sie kurz das Thema, zu dem Sie eine Beratung zu unseren Leistungen und Firmenseminaren w\u00fcnschen. Wir bitten Sie, im Formular Ihren Wunschtermin anzugeben. Wir werden uns je nach Kalenderverf\u00fcgbarkeit so schnell wie m\u00f6glich bei Ihnen melden.<\/p>\t\t\t\t\t\t<\/div>\n\t\t\t\t<\/div>\n\t\t\t\t<div class=\"elementor-element elementor-element-a7a2e47 elementor-widget elementor-widget-bridge_cf_7\" data-id=\"a7a2e47\" data-element_type=\"widget\" data-widget_type=\"bridge_cf_7.default\">\n\t\t\t\t<div class=\"elementor-widget-container\">\n\t\t\t    <div class=\"qode-contact-form-7 qode-contact-form-7-0\">\n    \n<div class=\"wpcf7 no-js\" id=\"wpcf7-f2392-o1\" lang=\"en-US\" dir=\"ltr\">\n<div class=\"screen-reader-response\"><p role=\"status\" aria-live=\"polite\" aria-atomic=\"true\"><\/p> <ul><\/ul><\/div>\n<form action=\"\/de\/wp-json\/wp\/v2\/pages\/2306#wpcf7-f2392-o1\" method=\"post\" class=\"wpcf7-form init cf7_custom_style_2\" aria-label=\"Contact form\" novalidate=\"novalidate\" data-status=\"init\">\n<div style=\"display: none;\">\n<input type=\"hidden\" name=\"_wpcf7\" value=\"2392\" \/>\n<input type=\"hidden\" name=\"_wpcf7_version\" value=\"5.9.8\" \/>\n<input type=\"hidden\" name=\"_wpcf7_locale\" value=\"en_US\" \/>\n<input type=\"hidden\" name=\"_wpcf7_unit_tag\" value=\"wpcf7-f2392-o1\" \/>\n<input type=\"hidden\" name=\"_wpcf7_container_post\" value=\"0\" \/>\n<input type=\"hidden\" name=\"_wpcf7_posted_data_hash\" value=\"\" \/>\n<\/div>\n<p><span class=\"wpcf7-form-control-wrap\" data-name=\"full-name\"><input size=\"40\" maxlength=\"400\" class=\"wpcf7-form-control wpcf7-text wpcf7-validates-as-required\" aria-required=\"true\" aria-invalid=\"false\" placeholder=\"Name und Nachname\" value=\"\" type=\"text\" name=\"full-name\" \/><\/span><\/p>\n<p><span class=\"wpcf7-form-control-wrap\" data-name=\"email\"><input size=\"40\" maxlength=\"400\" class=\"wpcf7-form-control wpcf7-email wpcf7-validates-as-required wpcf7-text wpcf7-validates-as-email\" aria-required=\"true\" aria-invalid=\"false\" placeholder=\"E-Mail-Adresse\" value=\"\" type=\"email\" name=\"email\" \/><\/span><\/p>\n<p><span class=\"wpcf7-form-control-wrap\" data-name=\"tel-231\"><input size=\"40\" maxlength=\"400\" class=\"wpcf7-form-control wpcf7-tel wpcf7-validates-as-required wpcf7-text wpcf7-validates-as-tel\" aria-required=\"true\" aria-invalid=\"false\" placeholder=\"Telefonnummer\" value=\"\" type=\"tel\" name=\"tel-231\" \/><\/span><\/p>\n<p><span class=\"wpcf7-form-control-wrap\" data-name=\"textarea-830\"><textarea cols=\"40\" rows=\"10\" maxlength=\"2000\" class=\"wpcf7-form-control wpcf7-textarea\" aria-invalid=\"false\" placeholder=\"Ihre Nachricht: Schreiben Sie kurz den Grund Ihrer Kontaktaufnahme auf.\" name=\"textarea-830\"><\/textarea><\/span><\/p>\n<p><span class=\"inform\"><span class=\"wpcf7-form-control-wrap\" data-name=\"acceptance-437\"><span class=\"wpcf7-form-control wpcf7-acceptance\"><span class=\"wpcf7-list-item\"><label><input type=\"checkbox\" name=\"acceptance-437\" value=\"1\" aria-invalid=\"false\" \/><span class=\"wpcf7-list-item-label\">Ich habe die Bedingungen f\u00fcr die Formular\u00fcbermittlung und den <a href=\"https:\/\/peride.de\/?page_id=1852\" target=\"_blank\" rel=\"noopener\">Informationstext <\/a> zur Nutzung und zum Schutz personenbezogener Daten gelesen und akzeptiert.<\/span><\/label><\/span><\/span><\/span><\/span> <input class=\"wpcf7-form-control wpcf7-submit has-spinner\" type=\"submit\" value=\"Senden\" \/><\/p><div class=\"wpcf7-response-output\" aria-hidden=\"true\"><\/div>\n<\/form>\n<\/div>\n    <\/div>\n\t\t<\/div>\n\t\t\t\t<\/div>\n\t\t\t\t\t<\/div>\n\t\t<\/div>\n\t\t\t\t\t<\/div>\n\t\t<\/section>\n\t\t\t\t<\/div>\n\t\t","protected":false},"excerpt":{"rendered":"<p>Kontaktinformationen Peri Banu Nemutlu Ertike M\u00f6hnesee Deutschland \u00a0E-Mail: info@peride.de Kontaktieren sie uns Beschreiben Sie kurz das Thema, zu dem Sie eine Beratung zu unseren Leistungen und Firmenseminaren w\u00fcnschen. Wir bitten Sie, im Formular Ihren Wunschtermin anzugeben. Wir werden uns je nach Kalenderverf\u00fcgbarkeit so schnell wie&#8230;<\/p>\n","protected":false},"author":1,"featured_media":0,"parent":0,"menu_order":0,"comment_status":"closed","ping_status":"closed","template":"full_width.php","meta":{"content-type":"","footnotes":""},"class_list":["post-2306","page","type-page","status-publish","hentry"],"_links":{"self":[{"href":"https:\/\/peride.de\/de\/wp-json\/wp\/v2\/pages\/2306","targetHints":{"allow":["GET"]}}],"collection":[{"href":"https:\/\/peride.de\/de\/wp-json\/wp\/v2\/pages"}],"about":[{"href":"https:\/\/peride.de\/de\/wp-json\/wp\/v2\/types\/page"}],"author":[{"embeddable":true,"href":"https:\/\/peride.de\/de\/wp-json\/wp\/v2\/users\/1"}],"replies":[{"embeddable":true,"href":"https:\/\/peride.de\/de\/wp-json\/wp\/v2\/comments?post=2306"}],"version-history":[{"count":15,"href":"https:\/\/peride.de\/de\/wp-json\/wp\/v2\/pages\/2306\/revisions"}],"predecessor-version":[{"id":2713,"href":"https:\/\/peride.de\/de\/wp-json\/wp\/v2\/pages\/2306\/revisions\/2713"}],"wp:attachment":[{"href":"https:\/\/peride.de\/de\/wp-json\/wp\/v2\/media?parent=2306"}],"curies":[{"name":"wp","href":"https:\/\/api.w.org\/{rel}","templated":true}]}}