{"id":2410,"date":"2024-02-21T08:08:37","date_gmt":"2024-02-21T08:08:37","guid":{"rendered":"https:\/\/peride.de\/?page_id=2410"},"modified":"2024-03-04T19:05:35","modified_gmt":"2024-03-04T19:05:35","slug":"einen-termin-machen","status":"publish","type":"page","link":"https:\/\/peride.de\/de\/einen-termin-machen\/","title":{"rendered":"Einen Termin machen"},"content":{"rendered":"\t\t<div data-elementor-type=\"wp-page\" data-elementor-id=\"2410\" class=\"elementor elementor-2410 elementor-1801\" data-elementor-post-type=\"page\">\n\t\t\t\t<div class=\"elementor-element elementor-element-2f400b0 e-flex e-con-boxed parallax_section_no qode_elementor_container_no e-con e-parent\" data-id=\"2f400b0\" data-element_type=\"container\">\n\t\t\t\t\t<div class=\"e-con-inner\">\n\t\t\t\t<div class=\"elementor-element elementor-element-7f10f9c elementor-widget elementor-widget-text-editor\" data-id=\"7f10f9c\" data-element_type=\"widget\" data-widget_type=\"text-editor.default\">\n\t\t\t\t<div class=\"elementor-widget-container\">\n\t\t\t\t\t\t\t<p>Um einen Termin zu vereinbaren, f\u00fcllen Sie einfach das untenstehende Formular aus und senden es ab. Anschlie\u00dfend werden wir uns schnellstm\u00f6glich mit Termin, Uhrzeit und Preisinformationen f\u00fcr die von Ihnen gew\u00fcnschte Leistung bei Ihnen melden.<\/p>\t\t\t\t\t\t<\/div>\n\t\t\t\t<\/div>\n\t\t\t\t\t<\/div>\n\t\t\t\t<\/div>\n\t\t<div class=\"elementor-element elementor-element-ae75b5f e-flex e-con-boxed parallax_section_no qode_elementor_container_no e-con e-parent\" data-id=\"ae75b5f\" data-element_type=\"container\">\n\t\t\t\t\t<div class=\"e-con-inner\">\n\t\t\t\t<div class=\"elementor-element elementor-element-f7529a3 elementor-widget elementor-widget-bridge_cf_7\" data-id=\"f7529a3\" data-element_type=\"widget\" data-widget_type=\"bridge_cf_7.default\">\n\t\t\t\t<div class=\"elementor-widget-container\">\n\t\t\t    <div class=\"qode-contact-form-7 qode-contact-form-7-0\">\n    \n<div class=\"wpcf7 no-js\" id=\"wpcf7-f2393-o1\" lang=\"en-US\" dir=\"ltr\">\n<div class=\"screen-reader-response\"><p role=\"status\" aria-live=\"polite\" aria-atomic=\"true\"><\/p> <ul><\/ul><\/div>\n<form action=\"\/de\/wp-json\/wp\/v2\/pages\/2410#wpcf7-f2393-o1\" method=\"post\" class=\"wpcf7-form init\" aria-label=\"Contact form\" novalidate=\"novalidate\" data-status=\"init\">\n<div style=\"display: none;\">\n<input type=\"hidden\" name=\"_wpcf7\" value=\"2393\" \/>\n<input type=\"hidden\" name=\"_wpcf7_version\" value=\"5.9.8\" \/>\n<input type=\"hidden\" name=\"_wpcf7_locale\" value=\"en_US\" \/>\n<input type=\"hidden\" name=\"_wpcf7_unit_tag\" value=\"wpcf7-f2393-o1\" \/>\n<input type=\"hidden\" name=\"_wpcf7_container_post\" value=\"0\" \/>\n<input type=\"hidden\" name=\"_wpcf7_posted_data_hash\" value=\"\" \/>\n<\/div>\n<p><span class=\"wpcf7-form-control-wrap\" data-name=\"full-name\"><input size=\"40\" maxlength=\"400\" class=\"wpcf7-form-control wpcf7-text wpcf7-validates-as-required\" aria-required=\"true\" aria-invalid=\"false\" placeholder=\"Name und Nachname\" value=\"\" type=\"text\" name=\"full-name\" \/><\/span><\/p>\n<p><span class=\"wpcf7-form-control-wrap\" data-name=\"email\"><input size=\"40\" maxlength=\"400\" class=\"wpcf7-form-control wpcf7-email wpcf7-validates-as-required wpcf7-text wpcf7-validates-as-email\" aria-required=\"true\" aria-invalid=\"false\" placeholder=\"E-Mail-Adresse\" value=\"\" type=\"email\" name=\"email\" \/><\/span><\/p>\n<p><span class=\"wpcf7-form-control-wrap\" data-name=\"tel-231\"><input size=\"40\" maxlength=\"400\" class=\"wpcf7-form-control wpcf7-tel wpcf7-validates-as-required wpcf7-text wpcf7-validates-as-tel\" aria-required=\"true\" aria-invalid=\"false\" placeholder=\"Telefonnummer\" value=\"\" type=\"tel\" name=\"tel-231\" \/><\/span><\/p>\n<p> <span class=\"boldie\">Service, an dem Sie interessiert sind<\/span>\n<span class=\"wpcf7-form-control-wrap\" data-name=\"checkbox-379\"><span class=\"wpcf7-form-control wpcf7-checkbox\"><span class=\"wpcf7-list-item first\"><label><input type=\"checkbox\" name=\"checkbox-379[]\" value=\"Anerkennung von Diplomen und Diplomausstellung in Deutschland\" \/><span class=\"wpcf7-list-item-label\">Anerkennung von Diplomen und Diplomausstellung in Deutschland<\/span><\/label><\/span><span class=\"wpcf7-list-item\"><label><input type=\"checkbox\" name=\"checkbox-379[]\" value=\"Bildungsberatung in Deutschland\" \/><span class=\"wpcf7-list-item-label\">Bildungsberatung in Deutschland<\/span><\/label><\/span><span class=\"wpcf7-list-item\"><label><input type=\"checkbox\" name=\"checkbox-379[]\" value=\"Unternehmensgr\u00fcndung in Deutschland\" \/><span class=\"wpcf7-list-item-label\">Unternehmensgr\u00fcndung in Deutschland<\/span><\/label><\/span><span class=\"wpcf7-list-item\"><label><input type=\"checkbox\" name=\"checkbox-379[]\" value=\"Karriereberatung (Qualifizierte Arbeitskr\u00e4fte)\" \/><span class=\"wpcf7-list-item-label\">Karriereberatung (Qualifizierte Arbeitskr\u00e4fte)<\/span><\/label><\/span><span class=\"wpcf7-list-item\"><label><input type=\"checkbox\" name=\"checkbox-379[]\" value=\"Migrationsberatung\" \/><span class=\"wpcf7-list-item-label\">Migrationsberatung<\/span><\/label><\/span><span class=\"wpcf7-list-item\"><label><input type=\"checkbox\" name=\"checkbox-379[]\" value=\"Spezialberatung zu geografisch gesch\u00fctzten Produkten\" \/><span class=\"wpcf7-list-item-label\">Spezialberatung zu geografisch gesch\u00fctzten Produkten<\/span><\/label><\/span><span class=\"wpcf7-list-item last\"><label><input type=\"checkbox\" name=\"checkbox-379[]\" value=\"Markenberatung\" \/><span class=\"wpcf7-list-item-label\">Markenberatung<\/span><\/label><\/span><\/span><\/span><\/p>\n<p><span class=\"wpcf7-form-control-wrap\" data-name=\"textarea-830\"><textarea cols=\"40\" rows=\"10\" maxlength=\"2000\" class=\"wpcf7-form-control wpcf7-textarea\" aria-invalid=\"false\" placeholder=\"Ihre Nachricht\" name=\"textarea-830\"><\/textarea><\/span><\/p>\n<p><span class=\"inform\"><span class=\"wpcf7-form-control-wrap\" data-name=\"acceptance-437\"><span class=\"wpcf7-form-control wpcf7-acceptance\"><span class=\"wpcf7-list-item\"><label><input type=\"checkbox\" name=\"acceptance-437\" value=\"1\" aria-invalid=\"false\" \/><span class=\"wpcf7-list-item-label\">Ich habe die Bedingungen f\u00fcr die Formular\u00fcbermittlung und den <a href=\"https:\/\/peride.de\/?page_id=1852\" target=\"_blank\" rel=\"noopener\">Informationstext <\/a> zur Nutzung und zum Schutz personenbezogener Daten gelesen und akzeptiert.<\/span><\/label><\/span><\/span><\/span><\/span> <input class=\"wpcf7-form-control wpcf7-submit has-spinner\" type=\"submit\" value=\"Senden\" \/><\/p><div class=\"wpcf7-response-output\" aria-hidden=\"true\"><\/div>\n<\/form>\n<\/div>\n    <\/div>\n\t\t<\/div>\n\t\t\t\t<\/div>\n\t\t\t\t\t<\/div>\n\t\t\t\t<\/div>\n\t\t\t\t<\/div>\n\t\t","protected":false},"excerpt":{"rendered":"<p>Um einen Termin zu vereinbaren, f\u00fcllen Sie einfach das untenstehende Formular aus und senden es ab. Anschlie\u00dfend werden wir uns schnellstm\u00f6glich mit Termin, Uhrzeit und Preisinformationen f\u00fcr die von Ihnen gew\u00fcnschte Leistung bei Ihnen melden. Service, an dem Sie interessiert sind Anerkennung von Diplomen und&#8230;<\/p>\n","protected":false},"author":1,"featured_media":0,"parent":0,"menu_order":0,"comment_status":"closed","ping_status":"closed","template":"","meta":{"content-type":"","footnotes":""},"class_list":["post-2410","page","type-page","status-publish","hentry"],"_links":{"self":[{"href":"https:\/\/peride.de\/de\/wp-json\/wp\/v2\/pages\/2410","targetHints":{"allow":["GET"]}}],"collection":[{"href":"https:\/\/peride.de\/de\/wp-json\/wp\/v2\/pages"}],"about":[{"href":"https:\/\/peride.de\/de\/wp-json\/wp\/v2\/types\/page"}],"author":[{"embeddable":true,"href":"https:\/\/peride.de\/de\/wp-json\/wp\/v2\/users\/1"}],"replies":[{"embeddable":true,"href":"https:\/\/peride.de\/de\/wp-json\/wp\/v2\/comments?post=2410"}],"version-history":[{"count":4,"href":"https:\/\/peride.de\/de\/wp-json\/wp\/v2\/pages\/2410\/revisions"}],"predecessor-version":[{"id":2414,"href":"https:\/\/peride.de\/de\/wp-json\/wp\/v2\/pages\/2410\/revisions\/2414"}],"wp:attachment":[{"href":"https:\/\/peride.de\/de\/wp-json\/wp\/v2\/media?parent=2410"}],"curies":[{"name":"wp","href":"https:\/\/api.w.org\/{rel}","templated":true}]}}