{"id":2415,"date":"2024-02-11T09:52:59","date_gmt":"2024-02-11T09:52:59","guid":{"rendered":"https:\/\/peride.de\/?page_id=2415"},"modified":"2024-03-20T06:29:59","modified_gmt":"2024-03-20T06:29:59","slug":"seminare","status":"publish","type":"page","link":"https:\/\/peride.de\/de\/seminare\/","title":{"rendered":"Seminare"},"content":{"rendered":"\t\t<div data-elementor-type=\"wp-page\" data-elementor-id=\"2415\" class=\"elementor elementor-2415 elementor-1582\" data-elementor-post-type=\"page\">\n\t\t\t\t<div class=\"elementor-element elementor-element-783d1c3 e-con-full e-flex parallax_section_no qode_elementor_container_no e-con e-parent\" data-id=\"783d1c3\" data-element_type=\"container\">\n\t\t<div class=\"elementor-element elementor-element-bc8fa32 e-con-full e-flex parallax_section_no qode_elementor_container_no e-con e-child\" data-id=\"bc8fa32\" data-element_type=\"container\">\n\t\t\t\t<div class=\"elementor-element elementor-element-057ec6c elementor-widget__width-initial elementor-widget elementor-widget-image\" data-id=\"057ec6c\" data-element_type=\"widget\" data-widget_type=\"image.default\">\n\t\t\t\t<div class=\"elementor-widget-container\">\n\t\t\t\t\t\t\t\t\t\t\t\t\t<img fetchpriority=\"high\" decoding=\"async\" width=\"600\" height=\"528\" src=\"https:\/\/peride.de\/wp-content\/uploads\/2024\/02\/seminar-img-3s.png\" class=\"attachment-full size-full wp-image-1591\" alt=\"\" srcset=\"https:\/\/peride.de\/wp-content\/uploads\/2024\/02\/seminar-img-3s.png 600w, https:\/\/peride.de\/wp-content\/uploads\/2024\/02\/seminar-img-3s-300x264.png 300w\" sizes=\"(max-width: 600px) 100vw, 600px\" \/>\t\t\t\t\t\t\t\t\t\t\t\t\t<\/div>\n\t\t\t\t<\/div>\n\t\t\t\t<\/div>\n\t\t<div class=\"elementor-element elementor-element-9d5b82b e-con-full e-flex parallax_section_no qode_elementor_container_no e-con e-child\" data-id=\"9d5b82b\" data-element_type=\"container\">\n\t\t\t\t<div class=\"elementor-element elementor-element-697968e elementor-widget elementor-widget-heading\" data-id=\"697968e\" data-element_type=\"widget\" data-widget_type=\"heading.default\">\n\t\t\t\t<div class=\"elementor-widget-container\">\n\t\t\t<h4 class=\"elementor-heading-title elementor-size-default\">Gr\u00fcndung eines Unternehmens in Deutschland<\/h4>\t\t<\/div>\n\t\t\t\t<\/div>\n\t\t\t\t<div class=\"elementor-element elementor-element-479d972 elementor-widget elementor-widget-text-editor\" data-id=\"479d972\" data-element_type=\"widget\" data-widget_type=\"text-editor.default\">\n\t\t\t\t<div class=\"elementor-widget-container\">\n\t\t\t\t\t\t\t<p>Arten von Unternehmen in Deutschland, f\u00fcr die Gr\u00fcndung erforderliche Dokumente, Anmietung\/Kauf von B\u00fcror\u00e4umen, Erlangung einer Aufenthaltsgenehmigung f\u00fcr den Gesch\u00e4ftsf\u00fchrer und die Gesellschafter<\/p>\t\t\t\t\t\t<\/div>\n\t\t\t\t<\/div>\n\t\t\t\t<div class=\"elementor-element elementor-element-7c4ecfc elementor-position-left elementor-vertical-align-middle elementor-view-default elementor-mobile-position-top elementor-widget elementor-widget-icon-box\" data-id=\"7c4ecfc\" data-element_type=\"widget\" data-widget_type=\"icon-box.default\">\n\t\t\t\t<div class=\"elementor-widget-container\">\n\t\t\t\t\t<div class=\"elementor-icon-box-wrapper\">\n\n\t\t\t\t\t\t<div class=\"elementor-icon-box-icon\">\n\t\t\t\t<span  class=\"elementor-icon elementor-animation-\">\n\t\t\t\t<svg aria-hidden=\"true\" class=\"e-font-icon-svg e-far-clock\" viewBox=\"0 0 512 512\" xmlns=\"http:\/\/www.w3.org\/2000\/svg\"><path d=\"M256 8C119 8 8 119 8 256s111 248 248 248 248-111 248-248S393 8 256 8zm0 448c-110.5 0-200-89.5-200-200S145.5 56 256 56s200 89.5 200 200-89.5 200-200 200zm61.8-104.4l-84.9-61.7c-3.1-2.3-4.9-5.9-4.9-9.7V116c0-6.6 5.4-12 12-12h32c6.6 0 12 5.4 12 12v141.7l66.8 48.6c5.4 3.9 6.5 11.4 2.6 16.8L334.6 349c-3.9 5.3-11.4 6.5-16.8 2.6z\"><\/path><\/svg>\t\t\t\t<\/span>\n\t\t\t<\/div>\n\t\t\t\n\t\t\t\t\t\t<div class=\"elementor-icon-box-content\">\n\n\t\t\t\t\n\t\t\t\t\t\t\t\t\t<p class=\"elementor-icon-box-description\">\n\t\t\t\t\t\t45 Minuten Pr\u00e4sentation - 15 Minuten Frage und Antwort\t\t\t\t\t<\/p>\n\t\t\t\t\n\t\t\t<\/div>\n\t\t\t\n\t\t<\/div>\n\t\t\t\t<\/div>\n\t\t\t\t<\/div>\n\t\t\t\t<div class=\"elementor-element elementor-element-05a4023 ps2id elementor-widget elementor-widget-bridge_button\" data-id=\"05a4023\" data-element_type=\"widget\" id=\"anchor\" data-widget_type=\"bridge_button.default\">\n\t\t\t\t<div class=\"elementor-widget-container\">\n\t\t\t<a  itemprop=\"url\" href=\"#form\" target=\"_self\"  class=\"qbutton  default anchor\" style=\"\">F\u00fcllen Sie das Formular zur Vorbewerbung aus<\/a>\t\t<\/div>\n\t\t\t\t<\/div>\n\t\t\t\t<\/div>\n\t\t\t\t<\/div>\n\t\t<div class=\"elementor-element elementor-element-e82cba1 e-con-full e-flex parallax_section_no qode_elementor_container_no e-con e-parent\" data-id=\"e82cba1\" data-element_type=\"container\">\n\t\t<div class=\"elementor-element elementor-element-26b8373 e-con-full e-flex parallax_section_no qode_elementor_container_no e-con e-child\" data-id=\"26b8373\" data-element_type=\"container\">\n\t\t\t\t<div class=\"elementor-element elementor-element-897dea8 elementor-widget__width-initial elementor-widget elementor-widget-image\" data-id=\"897dea8\" data-element_type=\"widget\" data-widget_type=\"image.default\">\n\t\t\t\t<div class=\"elementor-widget-container\">\n\t\t\t\t\t\t\t\t\t\t\t\t\t<img decoding=\"async\" width=\"600\" height=\"528\" src=\"https:\/\/peride.de\/wp-content\/uploads\/2024\/02\/seminar-img-4s.png\" class=\"attachment-full size-full wp-image-1592\" alt=\"\" srcset=\"https:\/\/peride.de\/wp-content\/uploads\/2024\/02\/seminar-img-4s.png 600w, https:\/\/peride.de\/wp-content\/uploads\/2024\/02\/seminar-img-4s-300x264.png 300w\" sizes=\"(max-width: 600px) 100vw, 600px\" \/>\t\t\t\t\t\t\t\t\t\t\t\t\t<\/div>\n\t\t\t\t<\/div>\n\t\t\t\t<\/div>\n\t\t<div class=\"elementor-element elementor-element-0717fd5 e-con-full e-flex parallax_section_no qode_elementor_container_no e-con e-child\" data-id=\"0717fd5\" data-element_type=\"container\">\n\t\t\t\t<div class=\"elementor-element elementor-element-e016929 elementor-widget elementor-widget-heading\" data-id=\"e016929\" data-element_type=\"widget\" data-widget_type=\"heading.default\">\n\t\t\t\t<div class=\"elementor-widget-container\">\n\t\t\t<h4 class=\"elementor-heading-title elementor-size-default\">Fachkr\u00e4fteeinwanderung nach Deutschland im Rahmen des neuen Einwanderungsgesetzes<\/h4>\t\t<\/div>\n\t\t\t\t<\/div>\n\t\t\t\t<div class=\"elementor-element elementor-element-9cece22 elementor-widget elementor-widget-text-editor\" data-id=\"9cece22\" data-element_type=\"widget\" data-widget_type=\"text-editor.default\">\n\t\t\t\t<div class=\"elementor-widget-container\">\n\t\t\t\t\t\t\t<p>Berufe, die im Rahmen des neuen Einwanderungsgesetzes in Deutschland ben\u00f6tigt werden, berufliche Anerkennung, Aufenthaltsgenehmigung<\/p>\t\t\t\t\t\t<\/div>\n\t\t\t\t<\/div>\n\t\t\t\t<div class=\"elementor-element elementor-element-da04a08 elementor-position-left elementor-vertical-align-middle elementor-view-default elementor-mobile-position-top elementor-widget elementor-widget-icon-box\" data-id=\"da04a08\" data-element_type=\"widget\" data-widget_type=\"icon-box.default\">\n\t\t\t\t<div class=\"elementor-widget-container\">\n\t\t\t\t\t<div class=\"elementor-icon-box-wrapper\">\n\n\t\t\t\t\t\t<div class=\"elementor-icon-box-icon\">\n\t\t\t\t<span  class=\"elementor-icon elementor-animation-\">\n\t\t\t\t<svg aria-hidden=\"true\" class=\"e-font-icon-svg e-far-clock\" viewBox=\"0 0 512 512\" xmlns=\"http:\/\/www.w3.org\/2000\/svg\"><path d=\"M256 8C119 8 8 119 8 256s111 248 248 248 248-111 248-248S393 8 256 8zm0 448c-110.5 0-200-89.5-200-200S145.5 56 256 56s200 89.5 200 200-89.5 200-200 200zm61.8-104.4l-84.9-61.7c-3.1-2.3-4.9-5.9-4.9-9.7V116c0-6.6 5.4-12 12-12h32c6.6 0 12 5.4 12 12v141.7l66.8 48.6c5.4 3.9 6.5 11.4 2.6 16.8L334.6 349c-3.9 5.3-11.4 6.5-16.8 2.6z\"><\/path><\/svg>\t\t\t\t<\/span>\n\t\t\t<\/div>\n\t\t\t\n\t\t\t\t\t\t<div class=\"elementor-icon-box-content\">\n\n\t\t\t\t\n\t\t\t\t\t\t\t\t\t<p class=\"elementor-icon-box-description\">\n\t\t\t\t\t\t45 Minuten Pr\u00e4sentation - 15 Minuten Frage und Antwort\t\t\t\t\t<\/p>\n\t\t\t\t\n\t\t\t<\/div>\n\t\t\t\n\t\t<\/div>\n\t\t\t\t<\/div>\n\t\t\t\t<\/div>\n\t\t\t\t<div class=\"elementor-element elementor-element-d95c86a elementor-widget elementor-widget-text-editor\" data-id=\"d95c86a\" data-element_type=\"widget\" data-widget_type=\"text-editor.default\">\n\t\t\t\t<div class=\"elementor-widget-container\">\n\t\t\t\t\t\t\t<div>F\u00fcr Ihre Gro\u00df- oder Firmenanfragen k\u00f6nnen Sie uns \u00fcber den <a href=\"https:\/\/peride.de\/de\/kontakt\/\">Kontaktbereich<\/a> kontaktieren.<\/div>\t\t\t\t\t\t<\/div>\n\t\t\t\t<\/div>\n\t\t\t\t<\/div>\n\t\t\t\t<\/div>\n\t\t<div class=\"elementor-element elementor-element-44ce0c2 e-con-full e-flex parallax_section_no qode_elementor_container_no e-con e-parent\" data-id=\"44ce0c2\" data-element_type=\"container\">\n\t\t<div class=\"elementor-element elementor-element-51c0e11 e-con-full e-flex parallax_section_no qode_elementor_container_no e-con e-child\" data-id=\"51c0e11\" data-element_type=\"container\">\n\t\t\t\t<div class=\"elementor-element elementor-element-a1b66d6 elementor-widget__width-initial elementor-widget elementor-widget-image\" data-id=\"a1b66d6\" data-element_type=\"widget\" data-widget_type=\"image.default\">\n\t\t\t\t<div class=\"elementor-widget-container\">\n\t\t\t\t\t\t\t\t\t\t\t\t\t<img decoding=\"async\" width=\"600\" height=\"528\" src=\"https:\/\/peride.de\/wp-content\/uploads\/2024\/02\/seminar-img5s.png\" class=\"attachment-full size-full wp-image-1593\" alt=\"\" srcset=\"https:\/\/peride.de\/wp-content\/uploads\/2024\/02\/seminar-img5s.png 600w, https:\/\/peride.de\/wp-content\/uploads\/2024\/02\/seminar-img5s-300x264.png 300w\" sizes=\"(max-width: 600px) 100vw, 600px\" \/>\t\t\t\t\t\t\t\t\t\t\t\t\t<\/div>\n\t\t\t\t<\/div>\n\t\t\t\t<\/div>\n\t\t<div class=\"elementor-element elementor-element-9684ccc e-con-full e-flex parallax_section_no qode_elementor_container_no e-con e-child\" data-id=\"9684ccc\" data-element_type=\"container\">\n\t\t\t\t<div class=\"elementor-element elementor-element-c96217f elementor-widget elementor-widget-heading\" data-id=\"c96217f\" data-element_type=\"widget\" data-widget_type=\"heading.default\">\n\t\t\t\t<div class=\"elementor-widget-container\">\n\t\t\t<h4 class=\"elementor-heading-title elementor-size-default\">Studium in Deutschland<\/h4>\t\t<\/div>\n\t\t\t\t<\/div>\n\t\t\t\t<div class=\"elementor-element elementor-element-f0681f5 elementor-widget elementor-widget-text-editor\" data-id=\"f0681f5\" data-element_type=\"widget\" data-widget_type=\"text-editor.default\">\n\t\t\t\t<div class=\"elementor-widget-container\">\n\t\t\t\t\t\t\t<p>Voraussetzungen f\u00fcr ein Hochschulstudium in Deutschland, Bewerbungsverfahren und -fristen, Zulassung &#8211; bedingte Zulassung, beh\u00f6rdliche Verfahren nach der Zulassung &#8211; Immatrikulation, Aufenthaltserlaubnis &#8211; Wohnen<\/p>\t\t\t\t\t\t<\/div>\n\t\t\t\t<\/div>\n\t\t\t\t<div class=\"elementor-element elementor-element-b1e4571 elementor-position-left elementor-vertical-align-middle elementor-view-default elementor-mobile-position-top elementor-widget elementor-widget-icon-box\" data-id=\"b1e4571\" data-element_type=\"widget\" data-widget_type=\"icon-box.default\">\n\t\t\t\t<div class=\"elementor-widget-container\">\n\t\t\t\t\t<div class=\"elementor-icon-box-wrapper\">\n\n\t\t\t\t\t\t<div class=\"elementor-icon-box-icon\">\n\t\t\t\t<span  class=\"elementor-icon elementor-animation-\">\n\t\t\t\t<svg aria-hidden=\"true\" class=\"e-font-icon-svg e-far-clock\" viewBox=\"0 0 512 512\" xmlns=\"http:\/\/www.w3.org\/2000\/svg\"><path d=\"M256 8C119 8 8 119 8 256s111 248 248 248 248-111 248-248S393 8 256 8zm0 448c-110.5 0-200-89.5-200-200S145.5 56 256 56s200 89.5 200 200-89.5 200-200 200zm61.8-104.4l-84.9-61.7c-3.1-2.3-4.9-5.9-4.9-9.7V116c0-6.6 5.4-12 12-12h32c6.6 0 12 5.4 12 12v141.7l66.8 48.6c5.4 3.9 6.5 11.4 2.6 16.8L334.6 349c-3.9 5.3-11.4 6.5-16.8 2.6z\"><\/path><\/svg>\t\t\t\t<\/span>\n\t\t\t<\/div>\n\t\t\t\n\t\t\t\t\t\t<div class=\"elementor-icon-box-content\">\n\n\t\t\t\t\n\t\t\t\t\t\t\t\t\t<p class=\"elementor-icon-box-description\">\n\t\t\t\t\t\t45 Minuten Pr\u00e4sentation - 15 Minuten Frage und Antwort\t\t\t\t\t<\/p>\n\t\t\t\t\n\t\t\t<\/div>\n\t\t\t\n\t\t<\/div>\n\t\t\t\t<\/div>\n\t\t\t\t<\/div>\n\t\t\t\t<div class=\"elementor-element elementor-element-75a4ab7 ps2id elementor-widget elementor-widget-bridge_button\" data-id=\"75a4ab7\" data-element_type=\"widget\" data-widget_type=\"bridge_button.default\">\n\t\t\t\t<div class=\"elementor-widget-container\">\n\t\t\t<a  itemprop=\"url\" href=\"#form\" target=\"_self\"  class=\"qbutton  default anchor\" style=\"\">F\u00fcllen Sie das Formular zur Vorbewerbung aus<\/a>\t\t<\/div>\n\t\t\t\t<\/div>\n\t\t\t\t<\/div>\n\t\t\t\t<\/div>\n\t\t<div class=\"elementor-element elementor-element-0b178f2 e-con-full e-flex parallax_section_no qode_elementor_container_no e-con e-parent\" data-id=\"0b178f2\" data-element_type=\"container\">\n\t\t<div class=\"elementor-element elementor-element-2a97329 e-con-full e-flex parallax_section_no qode_elementor_container_no e-con e-child\" data-id=\"2a97329\" data-element_type=\"container\">\n\t\t\t\t<div class=\"elementor-element elementor-element-ab3a891 elementor-widget__width-initial elementor-widget elementor-widget-image\" data-id=\"ab3a891\" data-element_type=\"widget\" data-widget_type=\"image.default\">\n\t\t\t\t<div class=\"elementor-widget-container\">\n\t\t\t\t\t\t\t\t\t\t\t\t\t<img loading=\"lazy\" decoding=\"async\" width=\"600\" height=\"528\" src=\"https:\/\/peride.de\/wp-content\/uploads\/2024\/02\/seminar-img-1s.png\" class=\"attachment-full size-full wp-image-1590\" alt=\"\" srcset=\"https:\/\/peride.de\/wp-content\/uploads\/2024\/02\/seminar-img-1s.png 600w, https:\/\/peride.de\/wp-content\/uploads\/2024\/02\/seminar-img-1s-300x264.png 300w\" sizes=\"(max-width: 600px) 100vw, 600px\" \/>\t\t\t\t\t\t\t\t\t\t\t\t\t<\/div>\n\t\t\t\t<\/div>\n\t\t\t\t<\/div>\n\t\t<div class=\"elementor-element elementor-element-b2c41a6 e-con-full e-flex parallax_section_no qode_elementor_container_no e-con e-child\" data-id=\"b2c41a6\" data-element_type=\"container\">\n\t\t\t\t<div class=\"elementor-element elementor-element-deabf18 elementor-widget elementor-widget-heading\" data-id=\"deabf18\" data-element_type=\"widget\" data-widget_type=\"heading.default\">\n\t\t\t\t<div class=\"elementor-widget-container\">\n\t\t\t<h4 class=\"elementor-heading-title elementor-size-default\">Themen, die beim Eintritt in den deutschen Markt f\u00fcr Produkte mit geographischen Angaben zu beachten sind<\/h4>\t\t<\/div>\n\t\t\t\t<\/div>\n\t\t\t\t<div class=\"elementor-element elementor-element-1ccbd6e elementor-widget elementor-widget-text-editor\" data-id=\"1ccbd6e\" data-element_type=\"widget\" data-widget_type=\"text-editor.default\">\n\t\t\t\t<div class=\"elementor-widget-container\">\n\t\t\t\t\t\t\t<p>Informationen \u00fcber geographische Angaben, gesetzliche Regelungen zum Schutz von geographisch gekennzeichneten Produkten in Deutschland, Verwendung von Emblemen<\/p>\t\t\t\t\t\t<\/div>\n\t\t\t\t<\/div>\n\t\t\t\t<div class=\"elementor-element elementor-element-0dac4f9 elementor-position-left elementor-vertical-align-middle elementor-view-default elementor-mobile-position-top elementor-widget elementor-widget-icon-box\" data-id=\"0dac4f9\" data-element_type=\"widget\" data-widget_type=\"icon-box.default\">\n\t\t\t\t<div class=\"elementor-widget-container\">\n\t\t\t\t\t<div class=\"elementor-icon-box-wrapper\">\n\n\t\t\t\t\t\t<div class=\"elementor-icon-box-icon\">\n\t\t\t\t<span  class=\"elementor-icon elementor-animation-\">\n\t\t\t\t<svg aria-hidden=\"true\" class=\"e-font-icon-svg e-far-clock\" viewBox=\"0 0 512 512\" xmlns=\"http:\/\/www.w3.org\/2000\/svg\"><path d=\"M256 8C119 8 8 119 8 256s111 248 248 248 248-111 248-248S393 8 256 8zm0 448c-110.5 0-200-89.5-200-200S145.5 56 256 56s200 89.5 200 200-89.5 200-200 200zm61.8-104.4l-84.9-61.7c-3.1-2.3-4.9-5.9-4.9-9.7V116c0-6.6 5.4-12 12-12h32c6.6 0 12 5.4 12 12v141.7l66.8 48.6c5.4 3.9 6.5 11.4 2.6 16.8L334.6 349c-3.9 5.3-11.4 6.5-16.8 2.6z\"><\/path><\/svg>\t\t\t\t<\/span>\n\t\t\t<\/div>\n\t\t\t\n\t\t\t\t\t\t<div class=\"elementor-icon-box-content\">\n\n\t\t\t\t\n\t\t\t\t\t\t\t\t\t<p class=\"elementor-icon-box-description\">\n\t\t\t\t\t\t45 Minuten Pr\u00e4sentation - 15 Minuten Frage und Antwort\t\t\t\t\t<\/p>\n\t\t\t\t\n\t\t\t<\/div>\n\t\t\t\n\t\t<\/div>\n\t\t\t\t<\/div>\n\t\t\t\t<\/div>\n\t\t\t\t<div class=\"elementor-element elementor-element-f486d4a elementor-widget elementor-widget-text-editor\" data-id=\"f486d4a\" data-element_type=\"widget\" data-widget_type=\"text-editor.default\">\n\t\t\t\t<div class=\"elementor-widget-container\">\n\t\t\t\t\t\t\t<div>F\u00fcr Ihre Gro\u00df- oder Firmenanfragen k\u00f6nnen Sie uns \u00fcber den <a href=\"https:\/\/peride.de\/de\/kontakt\/\">Kontaktbereich<\/a> kontaktieren.<\/div>\t\t\t\t\t\t<\/div>\n\t\t\t\t<\/div>\n\t\t\t\t<\/div>\n\t\t\t\t<\/div>\n\t\t<div class=\"elementor-element elementor-element-03c4c3a ps2id e-flex e-con-boxed parallax_section_no qode_elementor_container_no e-con e-parent\" data-id=\"03c4c3a\" data-element_type=\"container\" id=\"form\">\n\t\t\t\t\t<div class=\"e-con-inner\">\n\t\t\t\t<div class=\"elementor-element elementor-element-160ac25 elementor-widget elementor-widget-heading\" data-id=\"160ac25\" data-element_type=\"widget\" data-widget_type=\"heading.default\">\n\t\t\t\t<div class=\"elementor-widget-container\">\n\t\t\t<h4 class=\"elementor-heading-title elementor-size-default\">VORANMELDUNGSFORMULAR F\u00dcR DAS SEMINAR<\/h4>\t\t<\/div>\n\t\t\t\t<\/div>\n\t\t\t\t<div class=\"elementor-element elementor-element-0ec2d09 elementor-widget elementor-widget-bridge_cf_7\" data-id=\"0ec2d09\" data-element_type=\"widget\" data-widget_type=\"bridge_cf_7.default\">\n\t\t\t\t<div class=\"elementor-widget-container\">\n\t\t\t    <div class=\"qode-contact-form-7 qode-contact-form-7-0\">\n    \n<div class=\"wpcf7 no-js\" id=\"wpcf7-f2394-o1\" lang=\"en-US\" dir=\"ltr\">\n<div class=\"screen-reader-response\"><p role=\"status\" aria-live=\"polite\" aria-atomic=\"true\"><\/p> <ul><\/ul><\/div>\n<form action=\"\/de\/wp-json\/wp\/v2\/pages\/2415#wpcf7-f2394-o1\" method=\"post\" class=\"wpcf7-form init default\" aria-label=\"Contact form\" novalidate=\"novalidate\" data-status=\"init\">\n<div style=\"display: none;\">\n<input type=\"hidden\" name=\"_wpcf7\" value=\"2394\" \/>\n<input type=\"hidden\" name=\"_wpcf7_version\" value=\"5.9.8\" \/>\n<input type=\"hidden\" name=\"_wpcf7_locale\" value=\"en_US\" \/>\n<input type=\"hidden\" name=\"_wpcf7_unit_tag\" value=\"wpcf7-f2394-o1\" \/>\n<input type=\"hidden\" name=\"_wpcf7_container_post\" value=\"0\" \/>\n<input type=\"hidden\" name=\"_wpcf7_posted_data_hash\" value=\"\" \/>\n<\/div>\n<p><span class=\"wpcf7-form-control-wrap\" data-name=\"full-name\"><input size=\"40\" maxlength=\"400\" class=\"wpcf7-form-control wpcf7-text wpcf7-validates-as-required\" aria-required=\"true\" aria-invalid=\"false\" placeholder=\"Name und Nachname\" value=\"\" type=\"text\" name=\"full-name\" \/><\/span><\/p>\n<p><span class=\"wpcf7-form-control-wrap\" data-name=\"email\"><input size=\"40\" maxlength=\"400\" class=\"wpcf7-form-control wpcf7-email wpcf7-validates-as-required wpcf7-text wpcf7-validates-as-email\" aria-required=\"true\" aria-invalid=\"false\" placeholder=\"E-Mail-Adresse\" value=\"\" type=\"email\" name=\"email\" \/><\/span><\/p>\n<p><span class=\"wpcf7-form-control-wrap\" data-name=\"tel-231\"><input size=\"40\" maxlength=\"400\" class=\"wpcf7-form-control wpcf7-tel wpcf7-validates-as-required wpcf7-text wpcf7-validates-as-tel\" aria-required=\"true\" aria-invalid=\"false\" placeholder=\"Telefonnummer\" value=\"\" type=\"tel\" name=\"tel-231\" \/><\/span><\/p>\n<p> <span class=\"boldie\">Seminar, an dem Sie interessiert sind<\/span>\n<span class=\"wpcf7-form-control-wrap\" data-name=\"checkbox-379\"><span class=\"wpcf7-form-control wpcf7-checkbox\"><span class=\"wpcf7-list-item first\"><label><input type=\"checkbox\" name=\"checkbox-379[]\" value=\"Anerkennung von Diplomen und Diplomausstellung in Deutschland\" \/><span class=\"wpcf7-list-item-label\">Anerkennung von Diplomen und Diplomausstellung in Deutschland<\/span><\/label><\/span><span class=\"wpcf7-list-item\"><label><input type=\"checkbox\" name=\"checkbox-379[]\" value=\"Hochschulbildung in Deutschland\" \/><span class=\"wpcf7-list-item-label\">Hochschulbildung in Deutschland<\/span><\/label><\/span><span class=\"wpcf7-list-item last\"><label><input type=\"checkbox\" name=\"checkbox-379[]\" value=\"Unternehmen in Deutschland gr\u00fcnden\" \/><span class=\"wpcf7-list-item-label\">Unternehmen in Deutschland gr\u00fcnden<\/span><\/label><\/span><\/span><\/span><\/p>\n<p> <input class=\"wpcf7-form-control wpcf7-submit has-spinner\" type=\"submit\" value=\"Senden\" \/><\/p><div class=\"wpcf7-response-output\" aria-hidden=\"true\"><\/div>\n<\/form>\n<\/div>\n    <\/div>\n\t\t<\/div>\n\t\t\t\t<\/div>\n\t\t\t\t\t<\/div>\n\t\t\t\t<\/div>\n\t\t\t\t<\/div>\n\t\t","protected":false},"excerpt":{"rendered":"<p>Gr\u00fcndung eines Unternehmens in Deutschland Arten von Unternehmen in Deutschland, f\u00fcr die Gr\u00fcndung erforderliche Dokumente, Anmietung\/Kauf von B\u00fcror\u00e4umen, Erlangung einer Aufenthaltsgenehmigung f\u00fcr den Gesch\u00e4ftsf\u00fchrer und die Gesellschafter 45 Minuten Pr\u00e4sentation &#8211; 15 Minuten Frage und Antwort F\u00fcllen Sie das Formular zur Vorbewerbung aus Fachkr\u00e4fteeinwanderung nach&#8230;<\/p>\n","protected":false},"author":1,"featured_media":0,"parent":0,"menu_order":0,"comment_status":"closed","ping_status":"closed","template":"","meta":{"content-type":"","footnotes":""},"class_list":["post-2415","page","type-page","status-publish","hentry"],"_links":{"self":[{"href":"https:\/\/peride.de\/de\/wp-json\/wp\/v2\/pages\/2415","targetHints":{"allow":["GET"]}}],"collection":[{"href":"https:\/\/peride.de\/de\/wp-json\/wp\/v2\/pages"}],"about":[{"href":"https:\/\/peride.de\/de\/wp-json\/wp\/v2\/types\/page"}],"author":[{"embeddable":true,"href":"https:\/\/peride.de\/de\/wp-json\/wp\/v2\/users\/1"}],"replies":[{"embeddable":true,"href":"https:\/\/peride.de\/de\/wp-json\/wp\/v2\/comments?post=2415"}],"version-history":[{"count":41,"href":"https:\/\/peride.de\/de\/wp-json\/wp\/v2\/pages\/2415\/revisions"}],"predecessor-version":[{"id":2909,"href":"https:\/\/peride.de\/de\/wp-json\/wp\/v2\/pages\/2415\/revisions\/2909"}],"wp:attachment":[{"href":"https:\/\/peride.de\/de\/wp-json\/wp\/v2\/media?parent=2415"}],"curies":[{"name":"wp","href":"https:\/\/api.w.org\/{rel}","templated":true}]}}