{"id":2445,"date":"2024-02-11T14:47:59","date_gmt":"2024-02-11T14:47:59","guid":{"rendered":"https:\/\/peride.de\/?page_id=2445"},"modified":"2024-03-12T06:22:45","modified_gmt":"2024-03-12T06:22:45","slug":"blog","status":"publish","type":"page","link":"https:\/\/peride.de\/de\/blog\/","title":{"rendered":"Blog"},"content":{"rendered":"\t\t<div data-elementor-type=\"wp-page\" data-elementor-id=\"2445\" class=\"elementor elementor-2445 elementor-1687\" data-elementor-post-type=\"page\">\n\t\t\t\t<div class=\"elementor-element elementor-element-e82cba1 e-con-full e-flex parallax_section_no qode_elementor_container_no e-con e-parent\" data-id=\"e82cba1\" data-element_type=\"container\">\n\t\t<div class=\"elementor-element elementor-element-26b8373 e-con-full e-flex parallax_section_no qode_elementor_container_no e-con e-child\" data-id=\"26b8373\" data-element_type=\"container\">\n\t\t\t\t<div class=\"elementor-element elementor-element-897dea8 elementor-widget__width-initial elementor-widget elementor-widget-image\" data-id=\"897dea8\" data-element_type=\"widget\" data-widget_type=\"image.default\">\n\t\t\t\t<div class=\"elementor-widget-container\">\n\t\t\t\t\t\t\t\t\t\t\t\t\t<img fetchpriority=\"high\" decoding=\"async\" width=\"600\" height=\"528\" src=\"https:\/\/peride.de\/wp-content\/uploads\/2024\/02\/almanya-pazari.png\" class=\"attachment-full size-full wp-image-1719\" alt=\"\" srcset=\"https:\/\/peride.de\/wp-content\/uploads\/2024\/02\/almanya-pazari.png 600w, https:\/\/peride.de\/wp-content\/uploads\/2024\/02\/almanya-pazari-300x264.png 300w\" sizes=\"(max-width: 600px) 100vw, 600px\" \/>\t\t\t\t\t\t\t\t\t\t\t\t\t<\/div>\n\t\t\t\t<\/div>\n\t\t\t\t<\/div>\n\t\t<div class=\"elementor-element elementor-element-0717fd5 e-con-full e-flex parallax_section_no qode_elementor_container_no e-con e-child\" data-id=\"0717fd5\" data-element_type=\"container\">\n\t\t\t\t<div class=\"elementor-element elementor-element-e016929 elementor-widget elementor-widget-heading\" data-id=\"e016929\" data-element_type=\"widget\" data-widget_type=\"heading.default\">\n\t\t\t\t<div class=\"elementor-widget-container\">\n\t\t\t<h4 class=\"elementor-heading-title elementor-size-default\">Marktinformationen des Bundes Deutschland<\/h4>\t\t<\/div>\n\t\t\t\t<\/div>\n\t\t\t\t<div class=\"elementor-element elementor-element-9cece22 elementor-widget elementor-widget-text-editor\" data-id=\"9cece22\" data-element_type=\"widget\" data-widget_type=\"text-editor.default\">\n\t\t\t\t<div class=\"elementor-widget-container\">\n\t\t\t\t\t\t\t<p>Die derzeitigen Au\u00dfenwirtschaftspraktiken der Bundesrepublik Deutschland basieren sowohl auf nationalem Recht als auch auf dem Recht der Europ\u00e4ischen Union. Vorschriften auf nationaler Ebene, Au\u00dfenwirtschaftsgesetz (Au\u00dfenwirtschaftsgesetz-AWG) &#8230;<\/p>\t\t\t\t\t\t<\/div>\n\t\t\t\t<\/div>\n\t\t\t\t<div class=\"elementor-element elementor-element-4862c1d ps2id elementor-widget elementor-widget-bridge_button\" data-id=\"4862c1d\" data-element_type=\"widget\" data-widget_type=\"bridge_button.default\">\n\t\t\t\t<div class=\"elementor-widget-container\">\n\t\t\t<a  itemprop=\"url\" href=\"https:\/\/peride.de\/wp-content\/uploads\/2024\/02\/99480-Aydin-Ilinde-Markalasma-Paotansiyeline-Sahip-Yerel-Urunler-Proje-Raporu-Geka.pdf\" target=\"_blank\"  class=\"qbutton  default anchor\" style=\"\">Weiterlesen<\/a>\t\t<\/div>\n\t\t\t\t<\/div>\n\t\t\t\t<\/div>\n\t\t\t\t<\/div>\n\t\t<div class=\"elementor-element elementor-element-44ce0c2 e-con-full e-flex parallax_section_no qode_elementor_container_no e-con e-parent\" data-id=\"44ce0c2\" data-element_type=\"container\">\n\t\t<div class=\"elementor-element elementor-element-51c0e11 e-con-full e-flex parallax_section_no qode_elementor_container_no e-con e-child\" data-id=\"51c0e11\" data-element_type=\"container\">\n\t\t\t\t<div class=\"elementor-element elementor-element-a1b66d6 elementor-widget__width-initial elementor-widget elementor-widget-image\" data-id=\"a1b66d6\" data-element_type=\"widget\" data-widget_type=\"image.default\">\n\t\t\t\t<div class=\"elementor-widget-container\">\n\t\t\t\t\t\t\t\t\t\t\t\t\t<img decoding=\"async\" width=\"600\" height=\"528\" src=\"https:\/\/peride.de\/wp-content\/uploads\/2024\/02\/ab.png\" class=\"attachment-full size-full wp-image-1722\" alt=\"\" srcset=\"https:\/\/peride.de\/wp-content\/uploads\/2024\/02\/ab.png 600w, https:\/\/peride.de\/wp-content\/uploads\/2024\/02\/ab-300x264.png 300w\" sizes=\"(max-width: 600px) 100vw, 600px\" \/>\t\t\t\t\t\t\t\t\t\t\t\t\t<\/div>\n\t\t\t\t<\/div>\n\t\t\t\t<\/div>\n\t\t<div class=\"elementor-element elementor-element-9684ccc e-con-full e-flex parallax_section_no qode_elementor_container_no e-con e-child\" data-id=\"9684ccc\" data-element_type=\"container\">\n\t\t\t\t<div class=\"elementor-element elementor-element-c96217f elementor-widget elementor-widget-heading\" data-id=\"c96217f\" data-element_type=\"widget\" data-widget_type=\"heading.default\">\n\t\t\t\t<div class=\"elementor-widget-container\">\n\t\t\t<h4 class=\"elementor-heading-title elementor-size-default\">Geografische Angaben in der Europ\u00e4ischen Dimension<\/h4>\t\t<\/div>\n\t\t\t\t<\/div>\n\t\t\t\t<div class=\"elementor-element elementor-element-f0681f5 elementor-widget elementor-widget-text-editor\" data-id=\"f0681f5\" data-element_type=\"widget\" data-widget_type=\"text-editor.default\">\n\t\t\t\t<div class=\"elementor-widget-container\">\n\t\t\t\t\t\t\t<p>Dieser Geografische Angaben in der Europ\u00e4ischen Dimension wurde mit finanzieller Unterst\u00fctzung der Europ\u00e4ischen Union und der Republik T\u00fcrkei erstellt. Dieser Leitfaden zu geografischen Angaben im europ\u00e4ischen Ma\u00dfstab&#8230;<\/p>\t\t\t\t\t\t<\/div>\n\t\t\t\t<\/div>\n\t\t\t\t<div class=\"elementor-element elementor-element-75a4ab7 ps2id elementor-widget elementor-widget-bridge_button\" data-id=\"75a4ab7\" data-element_type=\"widget\" data-widget_type=\"bridge_button.default\">\n\t\t\t\t<div class=\"elementor-widget-container\">\n\t\t\t<a  itemprop=\"url\" href=\"https:\/\/peride.de\/wp-content\/uploads\/2024\/02\/COGRAFI-ISARETLER-KILAVUZU-BASKI-RC.pdf\" target=\"_self\"  class=\"qbutton  default anchor\" style=\"\">Weiterlesen<\/a>\t\t<\/div>\n\t\t\t\t<\/div>\n\t\t\t\t<\/div>\n\t\t\t\t<\/div>\n\t\t<div class=\"elementor-element elementor-element-0b178f2 e-con-full e-flex parallax_section_no qode_elementor_container_no e-con e-parent\" data-id=\"0b178f2\" data-element_type=\"container\">\n\t\t<div class=\"elementor-element elementor-element-2a97329 e-con-full e-flex parallax_section_no qode_elementor_container_no e-con e-child\" data-id=\"2a97329\" data-element_type=\"container\">\n\t\t\t\t<div class=\"elementor-element elementor-element-ab3a891 elementor-widget__width-initial elementor-widget elementor-widget-image\" data-id=\"ab3a891\" data-element_type=\"widget\" data-widget_type=\"image.default\">\n\t\t\t\t<div class=\"elementor-widget-container\">\n\t\t\t\t\t\t\t\t\t\t\t\t\t<img decoding=\"async\" width=\"600\" height=\"528\" src=\"https:\/\/peride.de\/wp-content\/uploads\/2024\/02\/ab.png\" class=\"attachment-full size-full wp-image-1722\" alt=\"\" srcset=\"https:\/\/peride.de\/wp-content\/uploads\/2024\/02\/ab.png 600w, https:\/\/peride.de\/wp-content\/uploads\/2024\/02\/ab-300x264.png 300w\" sizes=\"(max-width: 600px) 100vw, 600px\" \/>\t\t\t\t\t\t\t\t\t\t\t\t\t<\/div>\n\t\t\t\t<\/div>\n\t\t\t\t<\/div>\n\t\t<div class=\"elementor-element elementor-element-b2c41a6 e-con-full e-flex parallax_section_no qode_elementor_container_no e-con e-child\" data-id=\"b2c41a6\" data-element_type=\"container\">\n\t\t\t\t<div class=\"elementor-element elementor-element-deabf18 elementor-widget elementor-widget-heading\" data-id=\"deabf18\" data-element_type=\"widget\" data-widget_type=\"heading.default\">\n\t\t\t\t<div class=\"elementor-widget-container\">\n\t\t\t<h4 class=\"elementor-heading-title elementor-size-default\">Existenzgr\u00fcndung in der Europ\u00e4ischen Dimension<\/h4>\t\t<\/div>\n\t\t\t\t<\/div>\n\t\t\t\t<div class=\"elementor-element elementor-element-1ccbd6e elementor-widget elementor-widget-text-editor\" data-id=\"1ccbd6e\" data-element_type=\"widget\" data-widget_type=\"text-editor.default\">\n\t\t\t\t<div class=\"elementor-widget-container\">\n\t\t\t\t\t\t\t<p>Dieser Existenzgr\u00fcndung in der Europ\u00e4ischen Dimension wurde mit finanzieller Unterst\u00fctzung der Europ\u00e4ischen Union und der Republik T\u00fcrkei erstellt. Dieser Unternehmerf\u00fchrer mit europ\u00e4ischer Dimension &#8230;<\/p>\t\t\t\t\t\t<\/div>\n\t\t\t\t<\/div>\n\t\t\t\t<div class=\"elementor-element elementor-element-a6ed3e6 ps2id elementor-widget elementor-widget-bridge_button\" data-id=\"a6ed3e6\" data-element_type=\"widget\" data-widget_type=\"bridge_button.default\">\n\t\t\t\t<div class=\"elementor-widget-container\">\n\t\t\t<a  itemprop=\"url\" href=\"https:\/\/peride.de\/wp-content\/uploads\/2024\/02\/Girisimcilik-Kilavuzu-22.12.2016-1.pdf\" target=\"_self\"  class=\"qbutton  default anchor\" style=\"\">Weiterlesen<\/a>\t\t<\/div>\n\t\t\t\t<\/div>\n\t\t\t\t<\/div>\n\t\t\t\t<\/div>\n\t\t<div class=\"elementor-element elementor-element-aa628c5 e-con-full e-flex parallax_section_no qode_elementor_container_no e-con e-parent\" data-id=\"aa628c5\" data-element_type=\"container\">\n\t\t<div class=\"elementor-element elementor-element-de511b3 e-con-full e-flex parallax_section_no qode_elementor_container_no e-con e-child\" data-id=\"de511b3\" data-element_type=\"container\">\n\t\t\t\t<div class=\"elementor-element elementor-element-6217282 elementor-widget__width-initial elementor-widget elementor-widget-image\" data-id=\"6217282\" data-element_type=\"widget\" data-widget_type=\"image.default\">\n\t\t\t\t<div class=\"elementor-widget-container\">\n\t\t\t\t\t\t\t\t\t\t\t\t\t<img decoding=\"async\" width=\"600\" height=\"528\" src=\"https:\/\/peride.de\/wp-content\/uploads\/2024\/02\/kmeyve.png\" class=\"attachment-full size-full wp-image-1721\" alt=\"\" srcset=\"https:\/\/peride.de\/wp-content\/uploads\/2024\/02\/kmeyve.png 600w, https:\/\/peride.de\/wp-content\/uploads\/2024\/02\/kmeyve-300x264.png 300w\" sizes=\"(max-width: 600px) 100vw, 600px\" \/>\t\t\t\t\t\t\t\t\t\t\t\t\t<\/div>\n\t\t\t\t<\/div>\n\t\t\t\t<\/div>\n\t\t<div class=\"elementor-element elementor-element-e8ffe2a e-con-full e-flex parallax_section_no qode_elementor_container_no e-con e-child\" data-id=\"e8ffe2a\" data-element_type=\"container\">\n\t\t\t\t<div class=\"elementor-element elementor-element-59de8ba elementor-widget elementor-widget-heading\" data-id=\"59de8ba\" data-element_type=\"widget\" data-widget_type=\"heading.default\">\n\t\t\t\t<div class=\"elementor-widget-container\">\n\t\t\t<h4 class=\"elementor-heading-title elementor-size-default\">Branchenbericht Trockenfr\u00fcchte und -produkte<\/h4>\t\t<\/div>\n\t\t\t\t<\/div>\n\t\t\t\t<div class=\"elementor-element elementor-element-0171c96 elementor-widget elementor-widget-text-editor\" data-id=\"0171c96\" data-element_type=\"widget\" data-widget_type=\"text-editor.default\">\n\t\t\t\t<div class=\"elementor-widget-container\">\n\t\t\t\t\t\t\t<div>Um den strategischen Spielplan und das Leistungsprogramm festzulegen, mit denen die Vision verwirklicht werden soll, im Jahr 2023 durch Verf\u00fcnffachung der t\u00fcrkischen Exporte 500 Milliarden Dollar zu erreichen \u2026<\/div>\t\t\t\t\t\t<\/div>\n\t\t\t\t<\/div>\n\t\t\t\t<div class=\"elementor-element elementor-element-e0d18f7 ps2id elementor-widget elementor-widget-bridge_button\" data-id=\"e0d18f7\" data-element_type=\"widget\" data-widget_type=\"bridge_button.default\">\n\t\t\t\t<div class=\"elementor-widget-container\">\n\t\t\t<a  itemprop=\"url\" href=\"https:\/\/peride.de\/wp-content\/uploads\/2024\/02\/Kurumeyve-2023-Proje-Raporu.pdf\" target=\"_blank\"  class=\"qbutton  default anchor\" style=\"\">Weiterlesen<\/a>\t\t<\/div>\n\t\t\t\t<\/div>\n\t\t\t\t<\/div>\n\t\t\t\t<\/div>\n\t\t<div class=\"elementor-element elementor-element-783d1c3 e-con-full e-flex parallax_section_no qode_elementor_container_no e-con e-parent\" data-id=\"783d1c3\" data-element_type=\"container\">\n\t\t<div class=\"elementor-element elementor-element-bc8fa32 e-con-full e-flex parallax_section_no qode_elementor_container_no e-con e-child\" data-id=\"bc8fa32\" data-element_type=\"container\">\n\t\t\t\t<div class=\"elementor-element elementor-element-057ec6c elementor-widget__width-initial elementor-widget elementor-widget-image\" data-id=\"057ec6c\" data-element_type=\"widget\" data-widget_type=\"image.default\">\n\t\t\t\t<div class=\"elementor-widget-container\">\n\t\t\t\t\t\t\t\t\t\t\t\t\t<img loading=\"lazy\" decoding=\"async\" width=\"600\" height=\"528\" src=\"https:\/\/peride.de\/wp-content\/uploads\/2024\/02\/aydin.png\" class=\"attachment-full size-full wp-image-1720\" alt=\"\" srcset=\"https:\/\/peride.de\/wp-content\/uploads\/2024\/02\/aydin.png 600w, https:\/\/peride.de\/wp-content\/uploads\/2024\/02\/aydin-300x264.png 300w\" sizes=\"(max-width: 600px) 100vw, 600px\" \/>\t\t\t\t\t\t\t\t\t\t\t\t\t<\/div>\n\t\t\t\t<\/div>\n\t\t\t\t<\/div>\n\t\t<div class=\"elementor-element elementor-element-9d5b82b e-con-full e-flex parallax_section_no qode_elementor_container_no e-con e-child\" data-id=\"9d5b82b\" data-element_type=\"container\">\n\t\t\t\t<div class=\"elementor-element elementor-element-697968e elementor-widget elementor-widget-heading\" data-id=\"697968e\" data-element_type=\"widget\" data-widget_type=\"heading.default\">\n\t\t\t\t<div class=\"elementor-widget-container\">\n\t\t\t<h4 class=\"elementor-heading-title elementor-size-default\">Lokale Produkte mit Markenpotenzial in der Provinz Ayd\u0131n<\/h4>\t\t<\/div>\n\t\t\t\t<\/div>\n\t\t\t\t<div class=\"elementor-element elementor-element-479d972 elementor-widget elementor-widget-text-editor\" data-id=\"479d972\" data-element_type=\"widget\" data-widget_type=\"text-editor.default\">\n\t\t\t\t<div class=\"elementor-widget-container\">\n\t\t\t\t\t\t\t<div>Forschungsprojekt f\u00fcr lokale Produkte mit Markenpotenzial in der Provinz Ayd\u0131n, S\u00fcd\u00e4g\u00e4ische Entwicklungsagentur (GEKA), 2011, direkte Aktivit\u00e4t..<\/div>\t\t\t\t\t\t<\/div>\n\t\t\t\t<\/div>\n\t\t\t\t<div class=\"elementor-element elementor-element-05a4023 ps2id elementor-widget elementor-widget-bridge_button\" data-id=\"05a4023\" data-element_type=\"widget\" id=\"anchor\" data-widget_type=\"bridge_button.default\">\n\t\t\t\t<div class=\"elementor-widget-container\">\n\t\t\t<a  itemprop=\"url\" href=\"https:\/\/peride.de\/wp-content\/uploads\/2024\/02\/99480-Aydin-Ilinde-Markalasma-Paotansiyeline-Sahip-Yerel-Urunler-Proje-Raporu-Geka.pdf\" target=\"_blank\"  class=\"qbutton  default anchor\" style=\"\">Weiterlesen<\/a>\t\t<\/div>\n\t\t\t\t<\/div>\n\t\t\t\t<\/div>\n\t\t\t\t<\/div>\n\t\t\t\t<\/div>\n\t\t","protected":false},"excerpt":{"rendered":"<p>Marktinformationen des Bundes Deutschland Die derzeitigen Au\u00dfenwirtschaftspraktiken der Bundesrepublik Deutschland basieren sowohl auf nationalem Recht als auch auf dem Recht der Europ\u00e4ischen Union. Vorschriften auf nationaler Ebene, Au\u00dfenwirtschaftsgesetz (Au\u00dfenwirtschaftsgesetz-AWG) &#8230; Weiterlesen Geografische Angaben in der Europ\u00e4ischen Dimension Dieser Geografische Angaben in der Europ\u00e4ischen Dimension wurde&#8230;<\/p>\n","protected":false},"author":1,"featured_media":0,"parent":0,"menu_order":0,"comment_status":"closed","ping_status":"closed","template":"","meta":{"content-type":"","footnotes":""},"class_list":["post-2445","page","type-page","status-publish","hentry"],"_links":{"self":[{"href":"https:\/\/peride.de\/de\/wp-json\/wp\/v2\/pages\/2445","targetHints":{"allow":["GET"]}}],"collection":[{"href":"https:\/\/peride.de\/de\/wp-json\/wp\/v2\/pages"}],"about":[{"href":"https:\/\/peride.de\/de\/wp-json\/wp\/v2\/types\/page"}],"author":[{"embeddable":true,"href":"https:\/\/peride.de\/de\/wp-json\/wp\/v2\/users\/1"}],"replies":[{"embeddable":true,"href":"https:\/\/peride.de\/de\/wp-json\/wp\/v2\/comments?post=2445"}],"version-history":[{"count":16,"href":"https:\/\/peride.de\/de\/wp-json\/wp\/v2\/pages\/2445\/revisions"}],"predecessor-version":[{"id":2806,"href":"https:\/\/peride.de\/de\/wp-json\/wp\/v2\/pages\/2445\/revisions\/2806"}],"wp:attachment":[{"href":"https:\/\/peride.de\/de\/wp-json\/wp\/v2\/media?parent=2445"}],"curies":[{"name":"wp","href":"https:\/\/api.w.org\/{rel}","templated":true}]}}