{"id":2447,"date":"2021-07-15T12:20:18","date_gmt":"2021-07-15T12:20:18","guid":{"rendered":"https:\/\/peride.de\/?page_id=2447"},"modified":"2024-03-20T05:49:55","modified_gmt":"2024-03-20T05:49:55","slug":"ueber-uns","status":"publish","type":"page","link":"https:\/\/peride.de\/de\/ueber-uns\/","title":{"rendered":"\u00dcber uns"},"content":{"rendered":"\t\t<div data-elementor-type=\"wp-page\" data-elementor-id=\"2447\" class=\"elementor elementor-2447 elementor-533\" data-elementor-post-type=\"page\">\n\t\t\t\t\t\t<section class=\"elementor-section elementor-top-section elementor-element elementor-element-e62fc79 elementor-section-full_width qode_elementor_container_inner elementor-section-height-default elementor-section-height-default parallax_section_no\" data-id=\"e62fc79\" data-element_type=\"section\">\n\t\t\t\t\t\t<div class=\"elementor-container elementor-column-gap-default\">\n\t\t\t\t\t<div class=\"elementor-column elementor-col-50 elementor-top-column elementor-element elementor-element-ba60657\" data-id=\"ba60657\" data-element_type=\"column\">\n\t\t\t<div class=\"elementor-widget-wrap elementor-element-populated\">\n\t\t\t\t\t\t<div class=\"elementor-element elementor-element-1f303e8 elementor-widget elementor-widget-image\" data-id=\"1f303e8\" data-element_type=\"widget\" data-widget_type=\"image.default\">\n\t\t\t\t<div class=\"elementor-widget-container\">\n\t\t\t\t\t\t\t\t\t\t\t\t\t<img fetchpriority=\"high\" decoding=\"async\" width=\"1100\" height=\"501\" src=\"https:\/\/peride.de\/wp-content\/uploads\/2024\/01\/1.png\" class=\"attachment-full size-full wp-image-1093\" alt=\"\" srcset=\"https:\/\/peride.de\/wp-content\/uploads\/2024\/01\/1.png 1100w, https:\/\/peride.de\/wp-content\/uploads\/2024\/01\/1-300x137.png 300w, https:\/\/peride.de\/wp-content\/uploads\/2024\/01\/1-1024x466.png 1024w, https:\/\/peride.de\/wp-content\/uploads\/2024\/01\/1-768x350.png 768w, https:\/\/peride.de\/wp-content\/uploads\/2024\/01\/1-700x319.png 700w\" sizes=\"(max-width: 1100px) 100vw, 1100px\" \/>\t\t\t\t\t\t\t\t\t\t\t\t\t<\/div>\n\t\t\t\t<\/div>\n\t\t\t\t\t<\/div>\n\t\t<\/div>\n\t\t\t\t<div class=\"elementor-column elementor-col-50 elementor-top-column elementor-element elementor-element-6a54779\" data-id=\"6a54779\" data-element_type=\"column\">\n\t\t\t<div class=\"elementor-widget-wrap elementor-element-populated\">\n\t\t\t\t\t\t<div class=\"elementor-element elementor-element-8ebb1df elementor-widget elementor-widget-text-editor\" data-id=\"8ebb1df\" data-element_type=\"widget\" data-widget_type=\"text-editor.default\">\n\t\t\t\t<div class=\"elementor-widget-container\">\n\t\t\t\t\t\t\t<h3>Peri Banu Nemutlu Ertike<\/h3>\t\t\t\t\t\t<\/div>\n\t\t\t\t<\/div>\n\t\t\t\t<div class=\"elementor-element elementor-element-d16b646 elementor-widget elementor-widget-text-editor\" data-id=\"d16b646\" data-element_type=\"widget\" data-widget_type=\"text-editor.default\">\n\t\t\t\t<div class=\"elementor-widget-container\">\n\t\t\t\t\t\t\t<p>Sie wurde 1981 geboren. Sie absolvierte ihre Grund und Gymnasialausbildung in Sivas.<\/p><p>Ihr Studium schloss sie an der Rechtswissenschaftlichen Fakult\u00e4t der Marmara-Universit\u00e4t in Istanbul ab. Sie absolvierte \u0131hre Berufsprakt\u0131kum als Rechtsanwaltsanw\u00e4rterin am \u0130stanbul Kad\u0131k\u00f6y Gerichtamt und bei der Anwaltskammer Istanbul und sammelte erste Berufserfahrung in Istanbul.<\/p><p>Zwischen 2005 und 2015 arbeitete Sie 10 Jahre lang als Dozentin an der Aydin Adnan Menderes Universit\u00e4t und arbeitete gleichzeitig 6 Jahre lang als Leiterin der Abteilung f\u00fcr gewerbliche Schutzrechte der Universit\u00e4t (Informationsabteilung des T\u00fcrkischen Patentamt).<\/p>\t\t\t\t\t\t<\/div>\n\t\t\t\t<\/div>\n\t\t\t\t\t<\/div>\n\t\t<\/div>\n\t\t\t\t\t<\/div>\n\t\t<\/section>\n\t\t\t\t<section class=\"elementor-section elementor-top-section elementor-element elementor-element-d6af595 elementor-section-full_width qode_elementor_container_inner elementor-section-height-default elementor-section-height-default parallax_section_no\" data-id=\"d6af595\" data-element_type=\"section\">\n\t\t\t\t\t\t<div class=\"elementor-container elementor-column-gap-default\">\n\t\t\t\t\t<div class=\"elementor-column elementor-col-100 elementor-top-column elementor-element elementor-element-6027ea2\" data-id=\"6027ea2\" data-element_type=\"column\">\n\t\t\t<div class=\"elementor-widget-wrap elementor-element-populated\">\n\t\t\t\t\t\t<div class=\"elementor-element elementor-element-5963cbe elementor-widget elementor-widget-text-editor\" data-id=\"5963cbe\" data-element_type=\"widget\" data-widget_type=\"text-editor.default\">\n\t\t\t\t<div class=\"elementor-widget-container\">\n\t\t\t\t\t\t\t<p>Sie bestand erfolgreich die Qualifikationspr\u00fcfungen des T\u00fcrkischen Patentamtes und erlangte 2007 den Titel einer Markenanw\u00e4ltin und 2011 den Titel einer Patentanw\u00e4ltin. Sie hat auch Notari\u00e4t Zertifikat.<\/p><p>Ihren Master-Abschluss im Bereich Wirtschaftsrecht mit dem Schwerpunkt Schutzma\u00dfnahmen bei Verletzung von Markenrechten durch Suche und Beschlagnahme absolvierte sie an der Abteilung f\u00fcr \u00f6ffentliches Recht des Instituts f\u00fcr Sozialwissenschaften der Universit\u00e4t Izmir Dokuz Eyl\u00fcl. Ihren zweiten Master absolviert sie im Bereich Philosophie zum Thema Frauen und Migration.<\/p><p>Sie verf\u00fcgt \u00fcber rund 13 Jahre Berufs- und akademische Erfahrung in den Bereichen geistiges Eigentum, gewerbliche Rechte, Stadtmarkenbildung, regionale Produkte und geografische Herkunftsangaben sowie Unternehmertum in der T\u00fcrkei. Etwa zwei Jahre lang arbeitete sie als Anw\u00e4ltin und Marken&amp; Patentanw\u00e4ltin in ihrer eigenen Anwaltskanzlei, die bei der Anwaltskammer Ayd\u0131n registriert war.<\/p><p>Von 2011 bis 2017 war sie Vorsitzenderin des von ihr gegr\u00fcndeten Vereins f\u00fcr Markenbildung, Innovation und Qualit\u00e4tsverbesserung und leitete zivilgesellschaftliche Aktivit\u00e4ten. W\u00e4hrend ihrer beruflichen Laufbahn hielt sie viele Seminare und Vortr\u00e4ge ab und nahm an zahlreichen nationalen und internationalen Veranstaltungen wie Kongressen und Symposien teil. Die von ihr erstellten Projekte zur regionalen Produkteinf\u00fchrung, zum Schutz lokaler Werte, zur Markenbildung und zum Unternehmertum wurden von nationalen und internationalen Fonds unterst\u00fctzt. Einige davon sind das Projekt zur Erforschung lokaler Produkte mit Markenpotenzial in der Provinz Ayd\u0131n (Ministerium f\u00fcr Entwicklung &#8211; Agentur f\u00fcr S\u00fcd\u00e4g\u00e4is), die &#8218;Entwicklung des Unternehmertums im europ\u00e4ischen Kontext&#8216; (Europ\u00e4ische Union &#8211; Dialog der Zivilgesellschaften) und &#8218;Markenbildungsstrategien Schulung&#8216; (Ministerium f\u00fcr Entwicklung &#8211; Agentur f\u00fcr S\u00fcd\u00e4g\u00e4is).<\/p><p>Sie arbeitet weiterhin ehrenamtlich im Forschungsnetz f\u00fcr regionale Produkte und geografische Herkunftsangaben in der T\u00fcrkei (Y\u00dcC\u0130TA) als Vorsitzenderin des Rechtsausschusses und Vertreterin Deutschlands.<\/p><p>Im April 2016 zog sie wegen Heirat (Familienzusammenf\u00fchrung) nach Deutschland um. Sie ist verheiratet und Mutter eines Kindes. Sie besitzt das Telc C1 Deutsch Zertifikat und hat in Deutschland Schulungen zum Thema Existenzgr\u00fcndung absolviert.<\/p><p>Aufgrund ihrer pers\u00f6nlichen Erfahrung im Migrationsprozess bietet sie Beratungsdienste im Bereich der rechtlichen Verfahren, der Bildung und Anerkennung, der Jobsuche sowie Vertragsarbeit f\u00fcr Arbeitgeber und Arbeitnehmer, Unternehmertum und Ansiedlung f\u00fcr diejenigen an, die denselben Weg gehen m\u00f6chten.<\/p>\t\t\t\t\t\t<\/div>\n\t\t\t\t<\/div>\n\t\t\t\t\t<\/div>\n\t\t<\/div>\n\t\t\t\t\t<\/div>\n\t\t<\/section>\n\t\t\t\t<\/div>\n\t\t","protected":false},"excerpt":{"rendered":"<p>Peri Banu Nemutlu Ertike Sie wurde 1981 geboren. Sie absolvierte ihre Grund und Gymnasialausbildung in Sivas. Ihr Studium schloss sie an der Rechtswissenschaftlichen Fakult\u00e4t der Marmara-Universit\u00e4t in Istanbul ab. Sie absolvierte \u0131hre Berufsprakt\u0131kum als Rechtsanwaltsanw\u00e4rterin am \u0130stanbul Kad\u0131k\u00f6y Gerichtamt und bei der Anwaltskammer Istanbul und&#8230;<\/p>\n","protected":false},"author":1,"featured_media":0,"parent":0,"menu_order":0,"comment_status":"closed","ping_status":"closed","template":"full_width.php","meta":{"content-type":"","footnotes":""},"class_list":["post-2447","page","type-page","status-publish","hentry"],"_links":{"self":[{"href":"https:\/\/peride.de\/de\/wp-json\/wp\/v2\/pages\/2447","targetHints":{"allow":["GET"]}}],"collection":[{"href":"https:\/\/peride.de\/de\/wp-json\/wp\/v2\/pages"}],"about":[{"href":"https:\/\/peride.de\/de\/wp-json\/wp\/v2\/types\/page"}],"author":[{"embeddable":true,"href":"https:\/\/peride.de\/de\/wp-json\/wp\/v2\/users\/1"}],"replies":[{"embeddable":true,"href":"https:\/\/peride.de\/de\/wp-json\/wp\/v2\/comments?post=2447"}],"version-history":[{"count":8,"href":"https:\/\/peride.de\/de\/wp-json\/wp\/v2\/pages\/2447\/revisions"}],"predecessor-version":[{"id":2862,"href":"https:\/\/peride.de\/de\/wp-json\/wp\/v2\/pages\/2447\/revisions\/2862"}],"wp:attachment":[{"href":"https:\/\/peride.de\/de\/wp-json\/wp\/v2\/media?parent=2447"}],"curies":[{"name":"wp","href":"https:\/\/api.w.org\/{rel}","templated":true}]}}